{"id":1205,"date":"2019-09-26T21:04:39","date_gmt":"2019-09-26T19:04:39","guid":{"rendered":"https:\/\/ccfi-nantes.org\/?page_id=1205"},"modified":"2024-02-15T17:39:48","modified_gmt":"2024-02-15T15:39:48","slug":"sinscrire-a-une-activite","status":"publish","type":"page","link":"https:\/\/sitetest.ccfi-nantes.org\/?page_id=1205","title":{"rendered":"S&rsquo;inscrire \u00e0 une activit\u00e9"},"content":{"rendered":"\t\t<div data-elementor-type=\"wp-post\" data-elementor-id=\"1205\" class=\"elementor elementor-1205\">\n\t\t\t\t\t\t\t\t\t<section class=\"elementor-section elementor-top-section elementor-element elementor-element-9b28b08 elementor-section-boxed elementor-section-height-default elementor-section-height-default\" data-id=\"9b28b08\" data-element_type=\"section\">\n\t\t\t\t\t\t<div class=\"elementor-container elementor-column-gap-default\">\n\t\t\t\t\t<div class=\"elementor-column elementor-col-100 elementor-top-column elementor-element elementor-element-727cf5f\" data-id=\"727cf5f\" data-element_type=\"column\">\n\t\t\t<div class=\"elementor-widget-wrap elementor-element-populated\">\n\t\t\t\t\t\t\t\t<div class=\"elementor-element elementor-element-c28a4e5 elementor-widget elementor-widget-text-editor\" data-id=\"c28a4e5\" data-element_type=\"widget\" data-widget_type=\"text-editor.default\">\n\t\t\t\t<div class=\"elementor-widget-container\">\n\t\t\t<style>\/*! elementor - v3.16.0 - 13-09-2023 *\/\n.elementor-widget-text-editor.elementor-drop-cap-view-stacked .elementor-drop-cap{background-color:#69727d;color:#fff}.elementor-widget-text-editor.elementor-drop-cap-view-framed .elementor-drop-cap{color:#69727d;border:3px solid;background-color:transparent}.elementor-widget-text-editor:not(.elementor-drop-cap-view-default) .elementor-drop-cap{margin-top:8px}.elementor-widget-text-editor:not(.elementor-drop-cap-view-default) .elementor-drop-cap-letter{width:1em;height:1em}.elementor-widget-text-editor .elementor-drop-cap{float:left;text-align:center;line-height:1;font-size:50px}.elementor-widget-text-editor .elementor-drop-cap-letter{display:inline-block}<\/style>\t\t\t\t<section class=\"elementor-section elementor-top-section elementor-element elementor-element-e729e3a elementor-section-boxed elementor-section-height-default elementor-section-height-default\" data-id=\"e729e3a\" data-element_type=\"section\"><div class=\"elementor-container elementor-column-gap-default\"><div class=\"elementor-row\"><div class=\"elementor-column elementor-col-33 elementor-top-column elementor-element elementor-element-a9c9212\" data-id=\"a9c9212\" data-element_type=\"column\"><div class=\"elementor-column-wrap elementor-element-populated\"><div class=\"elementor-widget-wrap\"><div class=\"elementor-element elementor-element-d712094 elementor-widget elementor-widget-image\" data-id=\"d712094\" data-element_type=\"widget\" data-widget_type=\"image.default\"><div class=\"elementor-widget-container\"><div class=\"elementor-image\"><img loading=\"lazy\" decoding=\"async\" class=\"attachment-large size-large alignleft\" src=\"https:\/\/ccfi-nantes.org\/wp-content\/uploads\/2020\/09\/RDV.jpg\" alt=\"\" width=\"273\" height=\"185\" \/><\/div><\/div><\/div><\/div><\/div><\/div><div class=\"elementor-column elementor-col-66 elementor-top-column elementor-element elementor-element-db87bf2\" data-id=\"db87bf2\" data-element_type=\"column\"><div class=\"elementor-column-wrap elementor-element-populated\"><div class=\"elementor-widget-wrap\"><div class=\"elementor-element elementor-element-94d248a elementor-widget elementor-widget-text-editor\" data-id=\"94d248a\" data-element_type=\"widget\" data-widget_type=\"text-editor.default\"><div class=\"elementor-widget-container\"><div class=\"elementor-text-editor elementor-clearfix\"><div>Vous pouvez vous inscrire<\/div><div>\u00a0<\/div><ul><li><strong>soit en prenant contact<\/strong>\u00a0(\u00a0<a href=\"mailto:ccfinantes44@gmail.com\" target=\"_blank\" rel=\"noopener\" data-cke-saved-href=\"mailto:ccfinantes44@gmail.com\">ccfinantes44@gmail.com<\/a><strong>\u00a0ou 02.40.35.83.20\u00a0<\/strong>),<\/li><li><strong>soit en prenant un rendez-vous personnalis\u00e9<\/strong>\u00a0avec un membre de l\u2019\u00e9quipe du CCFI.\u00a0Nous vous accueillerons \u00e0 Europa Nantes le jour et les horaires que vous aurez choisis.<\/li><\/ul><\/div><\/div><\/div><\/div><\/div><\/div><\/div><\/div><\/section><section class=\"elementor-section elementor-top-section elementor-element elementor-element-da96ac7 elementor-section-boxed elementor-section-height-default elementor-section-height-default\" data-id=\"da96ac7\" data-element_type=\"section\"><div class=\"elementor-container elementor-column-gap-default\"><div class=\"elementor-row\"><div class=\"elementor-column elementor-col-100 elementor-top-column elementor-element elementor-element-905817b\" data-id=\"905817b\" data-element_type=\"column\"><div class=\"elementor-column-wrap elementor-element-populated\"><div class=\"elementor-widget-wrap\"><div class=\"elementor-element elementor-element-b06059f elementor-widget elementor-widget-text-editor\" data-id=\"b06059f\" data-element_type=\"widget\" data-widget_type=\"text-editor.default\"><div class=\"elementor-widget-container\"><div class=\"elementor-text-editor elementor-clearfix\"><p><strong>Cr\u00e9neau des rendez-vous personnalis\u00e9s<\/strong>\u00a0:<\/p><ul><li>soit les mardi ou jeudi entre 10h00 et 13h00 avec C\u00e9line, assistante administrative du CCFI<\/li><li>soit les mardi ou jeudi avec un administrateur ou un b\u00e9n\u00e9vole du CCFI\u00a0<\/li><\/ul><p>En fonction de vos disponibilit\u00e9s,\u00a0 r\u00e9servez en cliquant sur ce lien :\u00a0<span style=\"text-decoration: underline; color: #0000ff;\"><a style=\"color: #0000ff; text-decoration: underline;\" href=\"https:\/\/calendly.com\/rdv-ccfi-nantes\/inscriptions-informations\" target=\"_blank\" rel=\"noopener\">je prends RDV ici<\/a><\/span><\/p><\/div><\/div><\/div><\/div><\/div><\/div><\/div><\/div><\/section><section class=\"elementor-section elementor-top-section elementor-element elementor-element-19f6c706 elementor-section-boxed elementor-section-height-default elementor-section-height-default\" data-id=\"19f6c706\" data-element_type=\"section\"><div class=\"elementor-container elementor-column-gap-default\"><div class=\"elementor-row\"><div class=\"elementor-column elementor-col-100 elementor-top-column elementor-element elementor-element-7b03236\" data-id=\"7b03236\" data-element_type=\"column\"><div class=\"elementor-column-wrap elementor-element-populated\"><div class=\"elementor-widget-wrap\"><div class=\"elementor-element elementor-element-22ca068d elementor-widget elementor-widget-text-editor\" data-id=\"22ca068d\" data-element_type=\"widget\" data-widget_type=\"text-editor.default\"><div class=\"elementor-widget-container\"><div class=\"elementor-text-editor elementor-clearfix\"><ul><li><span style=\"color: #000000;\"><strong>la fiche d\u2019inscriptions des activit\u00e9s\/cours saison 2023\/2024<\/strong><\/span> :<ul><li><span style=\"text-decoration: underline;\"><span style=\"color: #0000ff; text-decoration: underline;\"><a style=\"color: #0000ff; text-decoration: underline;\" href=\"https:\/\/ccfi-nantes.org\/wp-content\/uploads\/2023\/09\/3.-FI-23-24-AT-SABATI-V1-pdf.pdf\" target=\"_blank\" rel=\"noopener\">activit\u00e9s \u00ab\u00a0Sabati in Compagnia\u00a0\u00bb ici<\/a><\/span><\/span><\/li><li><span style=\"text-decoration: underline; color: #0000ff;\"><a style=\"color: #0000ff; text-decoration: underline;\" href=\"https:\/\/ccfi-nantes.org\/wp-content\/uploads\/2023\/09\/2.-FI-23_24-AT-V3-pdf.pdf\" target=\"_blank\" rel=\"noopener\">activit\u00e9s \u00ab\u00a0Deliziose \u2013 Histoire de l\u2019art \u2013 Juke Box \u2013 Ecriture autobiographique\u00a0\u00bb ici<\/a>\u00a0<\/span><\/li><li><span style=\"text-decoration: underline;\"><span style=\"color: #0000ff; text-decoration: underline;\"><a style=\"color: #0000ff; text-decoration: underline;\" href=\"https:\/\/ccfi-nantes.org\/wp-content\/uploads\/2023\/12\/6.-FI-2024_-01AT-CC-pdf.pdf\" target=\"_blank\" rel=\"noopener\">Atelier conversation samedi 27 janvier 2024<\/a><\/span><\/span><\/li><\/ul><\/li><li><span style=\"text-decoration: underline;\"><span style=\"color: #0000ff;\"><a style=\"color: #0000ff; text-decoration: underline;\" href=\"https:\/\/ccfi-nantes.org\/wp-content\/uploads\/2024\/02\/6._FI_2024_02_AT_CUCINA.pdf\">Ateliers La Cucina della Nonna<\/a><\/span><\/span><\/li><li><strong>Renseignements et inscription\u00a0 ccfinantes44@gmailcom\/02 40 35 83 20.<\/strong><\/li><\/ul><p>L\u2019adh\u00e9sion au CCFI est obligatoire pour participer aux cours.<\/p><p><span style=\"color: #000000;\"><strong>Nota :<\/strong><\/span><\/p><p>Le CCFI se r\u00e9serve le droit d\u2019annuler les activit\u00e9s dont les effectifs sont insuffisants jusqu\u2019au jour qui pr\u00e9c\u00e8de le d\u00e9but du cycle.\u00a0<\/p><\/div><\/div><\/div><\/div><\/div><\/div><\/div><\/div><\/section>\t\t\t\t\t\t<\/div>\n\t\t\t\t<\/div>\n\t\t\t\t\t<\/div>\n\t\t<\/div>\n\t\t\t\t\t\t\t<\/div>\n\t\t<\/section>\n\t\t\t\t\t\t\t<\/div>\n\t\t","protected":false},"excerpt":{"rendered":"<p> [&#8230;]<\/p>\n","protected":false},"author":1,"featured_media":0,"parent":0,"menu_order":0,"comment_status":"closed","ping_status":"closed","template":"","meta":{"footnotes":""},"class_list":["post-1205","page","type-page","status-publish","hentry"],"_links":{"self":[{"href":"https:\/\/sitetest.ccfi-nantes.org\/index.php?rest_route=\/wp\/v2\/pages\/1205","targetHints":{"allow":["GET"]}}],"collection":[{"href":"https:\/\/sitetest.ccfi-nantes.org\/index.php?rest_route=\/wp\/v2\/pages"}],"about":[{"href":"https:\/\/sitetest.ccfi-nantes.org\/index.php?rest_route=\/wp\/v2\/types\/page"}],"author":[{"embeddable":true,"href":"https:\/\/sitetest.ccfi-nantes.org\/index.php?rest_route=\/wp\/v2\/users\/1"}],"replies":[{"embeddable":true,"href":"https:\/\/sitetest.ccfi-nantes.org\/index.php?rest_route=%2Fwp%2Fv2%2Fcomments&post=1205"}],"version-history":[{"count":148,"href":"https:\/\/sitetest.ccfi-nantes.org\/index.php?rest_route=\/wp\/v2\/pages\/1205\/revisions"}],"predecessor-version":[{"id":19085,"href":"https:\/\/sitetest.ccfi-nantes.org\/index.php?rest_route=\/wp\/v2\/pages\/1205\/revisions\/19085"}],"wp:attachment":[{"href":"https:\/\/sitetest.ccfi-nantes.org\/index.php?rest_route=%2Fwp%2Fv2%2Fmedia&parent=1205"}],"curies":[{"name":"wp","href":"https:\/\/api.w.org\/{rel}","templated":true}]}}