{"id":130,"date":"2019-07-26T14:26:46","date_gmt":"2019-07-26T12:26:46","guid":{"rendered":"https:\/\/ccfi-nantes.org\/?page_id=130"},"modified":"2022-12-24T09:54:20","modified_gmt":"2022-12-24T07:54:20","slug":"rencontres-et-evenements","status":"publish","type":"page","link":"https:\/\/sitetest.ccfi-nantes.org\/?page_id=130","title":{"rendered":"Convivialit\u00e9"},"content":{"rendered":"\t\t<div data-elementor-type=\"wp-post\" data-elementor-id=\"130\" class=\"elementor elementor-130\">\n\t\t\t\t\t\t\t\t\t<section class=\"elementor-section elementor-top-section elementor-element elementor-element-28a3b96a elementor-section-boxed elementor-section-height-default elementor-section-height-default\" data-id=\"28a3b96a\" data-element_type=\"section\">\n\t\t\t\t\t\t<div class=\"elementor-container elementor-column-gap-default\">\n\t\t\t\t\t<div class=\"elementor-column elementor-col-100 elementor-top-column elementor-element elementor-element-2eb003e5\" data-id=\"2eb003e5\" data-element_type=\"column\">\n\t\t\t<div class=\"elementor-widget-wrap elementor-element-populated\">\n\t\t\t\t\t\t\t\t<div class=\"elementor-element elementor-element-7a8bfcb7 elementor-widget elementor-widget-text-editor\" data-id=\"7a8bfcb7\" data-element_type=\"widget\" data-widget_type=\"text-editor.default\">\n\t\t\t\t<div class=\"elementor-widget-container\">\n\t\t\t<style>\/*! elementor - v3.16.0 - 13-09-2023 *\/\n.elementor-widget-text-editor.elementor-drop-cap-view-stacked .elementor-drop-cap{background-color:#69727d;color:#fff}.elementor-widget-text-editor.elementor-drop-cap-view-framed .elementor-drop-cap{color:#69727d;border:3px solid;background-color:transparent}.elementor-widget-text-editor:not(.elementor-drop-cap-view-default) .elementor-drop-cap{margin-top:8px}.elementor-widget-text-editor:not(.elementor-drop-cap-view-default) .elementor-drop-cap-letter{width:1em;height:1em}.elementor-widget-text-editor .elementor-drop-cap{float:left;text-align:center;line-height:1;font-size:50px}.elementor-widget-text-editor .elementor-drop-cap-letter{display:inline-block}<\/style>\t\t\t\t<!-- wp:paragraph -->\n<h3><strong><span style=\"color: #993300;\">En partenariat avec le CO.AS.IT<\/span><\/strong><\/h3>\n<!-- \/wp:paragraph -->\t\t\t\t\t\t<\/div>\n\t\t\t\t<\/div>\n\t\t\t\t\t<\/div>\n\t\t<\/div>\n\t\t\t\t\t\t\t<\/div>\n\t\t<\/section>\n\t\t\t\t<section class=\"elementor-section elementor-top-section elementor-element elementor-element-9746d67 elementor-section-boxed elementor-section-height-default elementor-section-height-default\" data-id=\"9746d67\" data-element_type=\"section\">\n\t\t\t\t\t\t<div class=\"elementor-container elementor-column-gap-default\">\n\t\t\t\t\t<div class=\"elementor-column elementor-col-33 elementor-top-column elementor-element elementor-element-c9405b1\" data-id=\"c9405b1\" data-element_type=\"column\">\n\t\t\t<div class=\"elementor-widget-wrap elementor-element-populated\">\n\t\t\t\t\t\t\t\t<div class=\"elementor-element elementor-element-34eb9c0 elementor-widget elementor-widget-image\" data-id=\"34eb9c0\" data-element_type=\"widget\" data-widget_type=\"image.default\">\n\t\t\t\t<div class=\"elementor-widget-container\">\n\t\t\t<style>\/*! elementor - v3.16.0 - 13-09-2023 *\/\n.elementor-widget-image{text-align:center}.elementor-widget-image a{display:inline-block}.elementor-widget-image a img[src$=\".svg\"]{width:48px}.elementor-widget-image img{vertical-align:middle;display:inline-block}<\/style>\t\t\t\t\t\t\t\t\t\t\t\t<img loading=\"lazy\" decoding=\"async\" width=\"376\" height=\"299\" src=\"https:\/\/sitetest.ccfi-nantes.org\/wp-content\/uploads\/2019\/08\/befana.gif\" class=\"attachment-large size-large wp-image-638\" alt=\"\" \/>\t\t\t\t\t\t\t\t\t\t\t\t\t\t\t<\/div>\n\t\t\t\t<\/div>\n\t\t\t\t\t<\/div>\n\t\t<\/div>\n\t\t\t\t<div class=\"elementor-column elementor-col-66 elementor-top-column elementor-element elementor-element-60448f0\" data-id=\"60448f0\" data-element_type=\"column\">\n\t\t\t<div class=\"elementor-widget-wrap elementor-element-populated\">\n\t\t\t\t\t\t\t\t<div class=\"elementor-element elementor-element-e244062 elementor-widget elementor-widget-heading\" data-id=\"e244062\" data-element_type=\"widget\" data-widget_type=\"heading.default\">\n\t\t\t\t<div class=\"elementor-widget-container\">\n\t\t\t<style>\/*! elementor - v3.16.0 - 13-09-2023 *\/\n.elementor-heading-title{padding:0;margin:0;line-height:1}.elementor-widget-heading .elementor-heading-title[class*=elementor-size-]>a{color:inherit;font-size:inherit;line-height:inherit}.elementor-widget-heading .elementor-heading-title.elementor-size-small{font-size:15px}.elementor-widget-heading .elementor-heading-title.elementor-size-medium{font-size:19px}.elementor-widget-heading .elementor-heading-title.elementor-size-large{font-size:29px}.elementor-widget-heading .elementor-heading-title.elementor-size-xl{font-size:39px}.elementor-widget-heading .elementor-heading-title.elementor-size-xxl{font-size:59px}<\/style><h2 class=\"elementor-heading-title elementor-size-default\">Festa de la Befana\n\n14 janvier 2023<br><br>\u00e0 Europa nantes<\/h2>\t\t<\/div>\n\t\t\t\t<\/div>\n\t\t\t\t<div class=\"elementor-element elementor-element-9964e3d elementor-widget elementor-widget-text-editor\" data-id=\"9964e3d\" data-element_type=\"widget\" data-widget_type=\"text-editor.default\">\n\t\t\t\t<div class=\"elementor-widget-container\">\n\t\t\t\t\t\t\t\t\t\t\t\t\t<\/div>\n\t\t\t\t<\/div>\n\t\t\t\t\t<\/div>\n\t\t<\/div>\n\t\t\t\t\t\t\t<\/div>\n\t\t<\/section>\n\t\t\t\t<section class=\"elementor-section elementor-top-section elementor-element elementor-element-cb4e789 elementor-section-boxed elementor-section-height-default elementor-section-height-default\" data-id=\"cb4e789\" data-element_type=\"section\">\n\t\t\t\t\t\t<div class=\"elementor-container elementor-column-gap-default\">\n\t\t\t\t\t<div class=\"elementor-column elementor-col-100 elementor-top-column elementor-element elementor-element-df2f358\" data-id=\"df2f358\" data-element_type=\"column\">\n\t\t\t<div class=\"elementor-widget-wrap elementor-element-populated\">\n\t\t\t\t\t\t\t\t<div class=\"elementor-element elementor-element-0045831 elementor-widget elementor-widget-text-editor\" data-id=\"0045831\" data-element_type=\"widget\" data-widget_type=\"text-editor.default\">\n\t\t\t\t<div class=\"elementor-widget-container\">\n\t\t\t\t\t\t\t<div>La tradition \u201citalienne\u201d f\u00eate l\u2019Epiphanie qui repr\u00e9sente aussi pour nous la fin des f\u00eates de la nativit\u00e9.<br \/><strong>\u201c<em>Epifania tutte le feste porta via<\/em>\u201d<\/strong>\u00a0(<em>L\u2019Epiphanie emporte toutes les autres f\u00eates)<\/em>, dit un des proverbes populaires.<br \/>L\u2019Epiphanie et ses symboles est une f\u00eate magique, \u00e0 la fois religieuse et populaire, et les traditions locales lui font souvent rev\u00eatir des aspects aussi divers que les nombreuses traditions de notre P\u00e9ninsule.<br \/>\u00a0<\/div>\n<div>Afin de faciliter la participation du plus grand nombre, nous avons choisi la date du samedi 14 janvier pour cette f\u00eate qui, normalement, se d\u00e9roule le 6 janvier, jour de l\u2019Epiphanie.<\/div>\n<div>\u00a0<\/div>\n<div style=\"text-align: center;\">\u00a0Le Programme\u00a0<\/div>\n<div>\u00a0<\/div>\n<div>\n<div><strong>15h00 \u2013 15h45\u00a0\u00a0\u00a0<\/strong>\u00a0\u00a0\u00a0\u00a0\u00a0\u00a0\u00a0\u00a0\u00a0\u00a0 \u00a0\u00a0\u00a0\u00a0\u00a0\u00a0 Accueil des enfants<br \/>\u00a0\u00a0\u00a0\u00a0\u00a0\u00a0\u00a0\u00a0\u00a0\u00a0\u00a0\u00a0\u00a0\u00a0\u00a0\u00a0\u00a0\u00a0\u00a0\u00a0\u00a0\u00a0\u00a0\u00a0\u00a0\u00a0\u00a0\u00a0\u00a0\u00a0<wbr \/>\u00a0\u00a0\u00a0\u00a0\u00a0\u00a0\u00a0\u00a0\u00a0\u00a0\u00a0\u00a0\u00a0\u00a0\u00a0Pr\u00e9sentation de la \u201cBefana\u201d, divertissement et distribution des jouets<br \/>\u00a0<\/div>\n<div><img loading=\"lazy\" decoding=\"async\" class=\"CToWUd aligncenter\" src=\"https:\/\/ci6.googleusercontent.com\/proxy\/P1bdsA7vEVl-roxPlGldGX3OJaQh5lpHGYVCrqNh3fSnZV5ls-Oki--QTcKDMLLop2dw7UiHVnwMs5xMgFkb8Di47U6fpYSxIw5YG8L-qcyFN9EChiBJlJkeYOqhzcbGr4QiJuYiQngyIq2sXk8Vqody-lzvXg=s0-d-e1-ft#https:\/\/mcusercontent.com\/afe4b35649d66a9ff5ba70de2\/images\/c3d15cb1-ee00-c681-fbe8-db83b9acd433.gif\" width=\"80\" height=\"113\" data-bit=\"iit\" \/><\/div>\n<div><br \/><strong>15h45 \u2013 17h30\u00a0<\/strong>\u00a0\u00a0\u00a0\u00a0\u00a0\u00a0\u00a0\u00a0\u00a0\u00a0\u00a0\u00a0 \u00a0\u00a0\u00a0\u00a0\u00a0\u00a0\u201cTombola\u201d (loto)<br \/>\u00a0 \u00a0 \u00a0 \u00a0 \u00a0 \u00a0 \u00a0 \u00a0 \u00a0 \u00a0 \u00a0 \u00a0 \u00a0 \u00a0 \u00a0 \u00a0 \u00a0 \u00a0 \u00a0 \u00a0 \u00a0 \u00a0\u00a0\u00a0\u201cPanettone\u201d accompagn\u00e9 de \u201dspumante\u201d\u00a0\u00a0\u00a0\u00a0\u00a0\u00a0\u00a0\u00a0\u00a0\u00a0\u00a0<br \/>\u00a0<\/div>\n<div>\u00a0\u00a0\u00a0\u00a0\u00a0\u00a0<img loading=\"lazy\" decoding=\"async\" class=\"CToWUd aligncenter\" src=\"https:\/\/ci4.googleusercontent.com\/proxy\/scPjesX-vLxvYTT9wR6ZMezFfYFg5bghkmtrg_H8YNiNnbARs8ARTUr61yHAhD98VkR-_TIQf0fDls68PGK5ZTU4iVuwoa6O2TvsYKAC9ftLSOy832LtGJAPCRILBmNMpSO9QObcKRgjfBA9fEbZF6LHJbbmu27b4j0=s0-d-e1-ft#https:\/\/gallery.mailchimp.com\/afe4b35649d66a9ff5ba70de2\/images\/92c796fe-f508-4526-b6a6-5844f634bcf5.jpg\" width=\"100\" height=\"66\" data-bit=\"iit\" \/>\u00a0\u00a0<\/div>\n<div>\u00a0<br \/><strong>Pendant toute la F\u00eate<\/strong>\u00a0 \u00a0 \u00a0\u00a0\u00a0\u00a0\u00a0\u00a0 Jeu de la Bourriche\u00a0\u00a0\u00a0\u00a0<br \/>\u00a0<\/div>\n<div><img loading=\"lazy\" decoding=\"async\" class=\"CToWUd aligncenter\" src=\"https:\/\/ci3.googleusercontent.com\/proxy\/2ixgFZPT2jxy9fResDWsD0jxhU2EwqHGyKrV5tLNxVcZt0_xsFms_ahdIuYz27sHlEYxvivTGARYbrc5dbFRHpuJJoMakMhOYSsthF7rij0p-7GvjAtx2C0kwGDvfO_A2vDX4V5hoimkNPMSTOgXfT9MQXC01w=s0-d-e1-ft#https:\/\/mcusercontent.com\/afe4b35649d66a9ff5ba70de2\/images\/b219aed8-269f-d81a-664f-055e15fe724d.jpg\" width=\"100\" height=\"89\" data-bit=\"iit\" \/>\u00a0<\/div>\n<\/div>\n<div>\u00a0<\/div>\n<div>Pour participer, <strong>d\u2019ici mardi 10 janvier,\u00a0<\/strong>veuillez r\u00e9pondre au questionnaire en ligne (cliquez<a href=\"https:\/\/ccfi-nantes.us12.list-manage.com\/track\/click?u=afe4b35649d66a9ff5ba70de2&amp;id=16a8a52de7&amp;e=302d9dd35b\" target=\"_blank\" rel=\"noopener\" data-saferedirecturl=\"https:\/\/www.google.com\/url?q=https:\/\/ccfi-nantes.us12.list-manage.com\/track\/click?u%3Dafe4b35649d66a9ff5ba70de2%26id%3D16a8a52de7%26e%3D302d9dd35b&amp;source=gmail&amp;ust=1671954274138000&amp;usg=AOvVaw2t6wfQ33shKUD1o9G-loVh\">\u00a0<span style=\"text-decoration: underline; color: #0000ff;\">ici<\/span>)<\/a>\u00a0pr\u00e9par\u00e9 exclusivement pour faciliter l\u2019organisation de la f\u00eate.<\/div>\n<div>\u00a0<\/div>\n<div><strong>Contact :<\/strong><br \/><span class=\"il\">CCFI<\/span>\u00a0\/ Europa Nantes<br \/><a href=\"mailto:ccfinantes44@gmail.com\" target=\"_blank\" rel=\"noopener\">ccfinantes44@gmail.com<\/a><br \/>02 40 35 83 20<\/div>\t\t\t\t\t\t<\/div>\n\t\t\t\t<\/div>\n\t\t\t\t\t<\/div>\n\t\t<\/div>\n\t\t\t\t\t\t\t<\/div>\n\t\t<\/section>\n\t\t\t\t\t\t\t<\/div>\n\t\t","protected":false},"excerpt":{"rendered":"<p> [&#8230;]<\/p>\n","protected":false},"author":1,"featured_media":0,"parent":0,"menu_order":0,"comment_status":"closed","ping_status":"closed","template":"","meta":{"footnotes":""},"class_list":["post-130","page","type-page","status-publish","hentry"],"_links":{"self":[{"href":"https:\/\/sitetest.ccfi-nantes.org\/index.php?rest_route=\/wp\/v2\/pages\/130","targetHints":{"allow":["GET"]}}],"collection":[{"href":"https:\/\/sitetest.ccfi-nantes.org\/index.php?rest_route=\/wp\/v2\/pages"}],"about":[{"href":"https:\/\/sitetest.ccfi-nantes.org\/index.php?rest_route=\/wp\/v2\/types\/page"}],"author":[{"embeddable":true,"href":"https:\/\/sitetest.ccfi-nantes.org\/index.php?rest_route=\/wp\/v2\/users\/1"}],"replies":[{"embeddable":true,"href":"https:\/\/sitetest.ccfi-nantes.org\/index.php?rest_route=%2Fwp%2Fv2%2Fcomments&post=130"}],"version-history":[{"count":58,"href":"https:\/\/sitetest.ccfi-nantes.org\/index.php?rest_route=\/wp\/v2\/pages\/130\/revisions"}],"predecessor-version":[{"id":15431,"href":"https:\/\/sitetest.ccfi-nantes.org\/index.php?rest_route=\/wp\/v2\/pages\/130\/revisions\/15431"}],"wp:attachment":[{"href":"https:\/\/sitetest.ccfi-nantes.org\/index.php?rest_route=%2Fwp%2Fv2%2Fmedia&parent=130"}],"curies":[{"name":"wp","href":"https:\/\/api.w.org\/{rel}","templated":true}]}}