{"id":165,"date":"2019-07-31T07:34:25","date_gmt":"2019-07-31T05:34:25","guid":{"rendered":"https:\/\/ccfi-nantes.org\/?page_id=165"},"modified":"2021-10-21T21:47:41","modified_gmt":"2021-10-21T19:47:41","slug":"adherer","status":"publish","type":"page","link":"https:\/\/sitetest.ccfi-nantes.org\/?page_id=165","title":{"rendered":"Adh\u00e9rer"},"content":{"rendered":"\t\t<div data-elementor-type=\"wp-post\" data-elementor-id=\"165\" class=\"elementor elementor-165\">\n\t\t\t\t\t\t\t\t\t<section class=\"elementor-section elementor-top-section elementor-element elementor-element-70cc35fe elementor-section-boxed elementor-section-height-default elementor-section-height-default\" data-id=\"70cc35fe\" data-element_type=\"section\">\n\t\t\t\t\t\t<div class=\"elementor-container elementor-column-gap-default\">\n\t\t\t\t\t<div class=\"elementor-column elementor-col-100 elementor-top-column elementor-element elementor-element-656fb9dd\" data-id=\"656fb9dd\" data-element_type=\"column\">\n\t\t\t<div class=\"elementor-widget-wrap elementor-element-populated\">\n\t\t\t\t\t\t\t\t<div class=\"elementor-element elementor-element-56d7fb0 elementor-widget elementor-widget-heading\" data-id=\"56d7fb0\" data-element_type=\"widget\" data-widget_type=\"heading.default\">\n\t\t\t\t<div class=\"elementor-widget-container\">\n\t\t\t<style>\/*! elementor - v3.16.0 - 13-09-2023 *\/\n.elementor-heading-title{padding:0;margin:0;line-height:1}.elementor-widget-heading .elementor-heading-title[class*=elementor-size-]>a{color:inherit;font-size:inherit;line-height:inherit}.elementor-widget-heading .elementor-heading-title.elementor-size-small{font-size:15px}.elementor-widget-heading .elementor-heading-title.elementor-size-medium{font-size:19px}.elementor-widget-heading .elementor-heading-title.elementor-size-large{font-size:29px}.elementor-widget-heading .elementor-heading-title.elementor-size-xl{font-size:39px}.elementor-widget-heading .elementor-heading-title.elementor-size-xxl{font-size:59px}<\/style><h3 class=\"elementor-heading-title elementor-size-default\">Pourquoi adh\u00e9rer au CCFI ?<\/h3>\t\t<\/div>\n\t\t\t\t<\/div>\n\t\t\t\t<div class=\"elementor-element elementor-element-3f645ef2 elementor-widget elementor-widget-text-editor\" data-id=\"3f645ef2\" data-element_type=\"widget\" data-widget_type=\"text-editor.default\">\n\t\t\t\t<div class=\"elementor-widget-container\">\n\t\t\t<style>\/*! elementor - v3.16.0 - 13-09-2023 *\/\n.elementor-widget-text-editor.elementor-drop-cap-view-stacked .elementor-drop-cap{background-color:#69727d;color:#fff}.elementor-widget-text-editor.elementor-drop-cap-view-framed .elementor-drop-cap{color:#69727d;border:3px solid;background-color:transparent}.elementor-widget-text-editor:not(.elementor-drop-cap-view-default) .elementor-drop-cap{margin-top:8px}.elementor-widget-text-editor:not(.elementor-drop-cap-view-default) .elementor-drop-cap-letter{width:1em;height:1em}.elementor-widget-text-editor .elementor-drop-cap{float:left;text-align:center;line-height:1;font-size:50px}.elementor-widget-text-editor .elementor-drop-cap-letter{display:inline-block}<\/style>\t\t\t\t<p><!-- wp:paragraph --><\/p>\n<p style=\"padding-left: 40px;\">L\u2019adh\u00e9sion au CCFI est obligatoire pour pouvoir participer \u00e0 la plupart des activit\u00e9s organis\u00e9es.<\/p>\n<p>Par ailleurs, l\u2019adh\u00e9sion permet de b\u00e9n\u00e9ficier d\u2019un certain nombre d\u2019avantages\u00a0:<\/p>\n<ul>\n<li>Pouvoir consulter sur place et emprunter gratuitement des livres aupr\u00e8s de la biblioth\u00e8que d\u2019Europa Nantes.<\/li>\n<li>B\u00e9n\u00e9ficier du Pass CCE, un pass pour tous les adh\u00e9rents du Centre culturel europ\u00e9en et des autres centres binationaux\u00a0: centres culturels franco-allemand, franco-britannique et franco-espagnol. Ce pass permet d\u2019obtenir des tarifs r\u00e9duits, voire la gratuit\u00e9, pour un ensemble d\u2019initiatives culturelles se d\u00e9roulant \u00e0 Nantes et sa r\u00e9gion.<br \/>Un exemple ? \u00c0 l\u2019occasion du Festival de cin\u00e9ma <em>Univercin\u00e9<\/em>, gr\u00e2ce au Pass CCE, les adh\u00e9rents du CCFI b\u00e9n\u00e9ficient d\u2019un tarif pr\u00e9f\u00e9rentiel pour les festivals de cin\u00e9ma italien, allemand, britannique, et russe.<\/li>\n<\/ul>\n<p><strong>Comment adh\u00e9rer\u00a0?<\/strong><\/p>\n<p>Plusieurs possibilit\u00e9s\u00a0:<\/p>\n<ul>\n<li>Nous joindre ou nous rencontrer (t\u00e9l\u00e9phone, e-mail ou rencontre dans nos locaux) :\u00a0<span style=\"text-decoration: underline;\"><span style=\"color: #0000ff; text-decoration: underline;\"><a style=\"color: #0000ff; text-decoration: underline;\" href=\"https:\/\/ccfi-nantes.org\/?page_id=7311\">cliquez ici pour nous contacter !<\/a><\/span><\/span><\/li>\n<\/ul>\n<ul>\n<li>Remplir une fiche d\u2019inscription et nous la retourner :\n<ul>\n<li>voir rubrique s&rsquo;inscrire \u00e0 un cours :\u00a0<span style=\"text-decoration: underline;\"><span style=\"color: #0000ff; text-decoration: underline;\"><a style=\"color: #0000ff; text-decoration: underline;\" href=\"https:\/\/ccfi-nantes.org\/?page_id=496\" target=\"_blank\" rel=\"noopener\">cliquez ici<\/a><\/span><\/span><\/li>\n<\/ul>\n<\/li>\n<\/ul>\n<p style=\"padding-left: 80px;\">ou<\/p>\n<ul>\n<li style=\"list-style-type: none;\">\n<ul>\n<li>voir rubrique s&rsquo;inscrire \u00e0 une activit\u00e9 : <span style=\"text-decoration: underline;\"><span style=\"color: #0000ff; text-decoration: underline;\"><a style=\"color: #0000ff; text-decoration: underline;\" href=\"https:\/\/ccfi-nantes.org\/?page_id=1205\" target=\"_blank\" rel=\"noopener\">cliquez ici<\/a><\/span><\/span><\/li>\n<\/ul>\n<\/li>\n<\/ul>\n<p><!-- \/wp:paragraph --><\/p>\t\t\t\t\t\t<\/div>\n\t\t\t\t<\/div>\n\t\t\t\t\t<\/div>\n\t\t<\/div>\n\t\t\t\t\t\t\t<\/div>\n\t\t<\/section>\n\t\t\t\t\t\t\t<\/div>\n\t\t","protected":false},"excerpt":{"rendered":"<p> [&#8230;]<\/p>\n","protected":false},"author":1,"featured_media":0,"parent":0,"menu_order":0,"comment_status":"closed","ping_status":"closed","template":"","meta":{"footnotes":""},"class_list":["post-165","page","type-page","status-publish","hentry"],"_links":{"self":[{"href":"https:\/\/sitetest.ccfi-nantes.org\/index.php?rest_route=\/wp\/v2\/pages\/165","targetHints":{"allow":["GET"]}}],"collection":[{"href":"https:\/\/sitetest.ccfi-nantes.org\/index.php?rest_route=\/wp\/v2\/pages"}],"about":[{"href":"https:\/\/sitetest.ccfi-nantes.org\/index.php?rest_route=\/wp\/v2\/types\/page"}],"author":[{"embeddable":true,"href":"https:\/\/sitetest.ccfi-nantes.org\/index.php?rest_route=\/wp\/v2\/users\/1"}],"replies":[{"embeddable":true,"href":"https:\/\/sitetest.ccfi-nantes.org\/index.php?rest_route=%2Fwp%2Fv2%2Fcomments&post=165"}],"version-history":[{"count":43,"href":"https:\/\/sitetest.ccfi-nantes.org\/index.php?rest_route=\/wp\/v2\/pages\/165\/revisions"}],"predecessor-version":[{"id":8367,"href":"https:\/\/sitetest.ccfi-nantes.org\/index.php?rest_route=\/wp\/v2\/pages\/165\/revisions\/8367"}],"wp:attachment":[{"href":"https:\/\/sitetest.ccfi-nantes.org\/index.php?rest_route=%2Fwp%2Fv2%2Fmedia&parent=165"}],"curies":[{"name":"wp","href":"https:\/\/api.w.org\/{rel}","templated":true}]}}