{"id":180,"date":"2019-07-31T08:00:48","date_gmt":"2019-07-31T06:00:48","guid":{"rendered":"https:\/\/ccfi-nantes.org\/?page_id=180"},"modified":"2021-10-09T16:32:31","modified_gmt":"2021-10-09T14:32:31","slug":"accueil","status":"publish","type":"page","link":"https:\/\/sitetest.ccfi-nantes.org\/","title":{"rendered":"Accueil"},"content":{"rendered":"\n<p>Le site du CCFI est en restructuration. Les informations disponibles sur le site sont \u00e0 jour, n\u00e9anmoins des images ou liens restent inop\u00e9rantes. <\/p>\n","protected":false},"excerpt":{"rendered":"<p> [&#8230;]<\/p>\n","protected":false},"author":1,"featured_media":0,"parent":0,"menu_order":0,"comment_status":"closed","ping_status":"closed","template":"template-frontpage.php","meta":{"footnotes":""},"class_list":["post-180","page","type-page","status-publish","hentry"],"_links":{"self":[{"href":"https:\/\/sitetest.ccfi-nantes.org\/index.php?rest_route=\/wp\/v2\/pages\/180","targetHints":{"allow":["GET"]}}],"collection":[{"href":"https:\/\/sitetest.ccfi-nantes.org\/index.php?rest_route=\/wp\/v2\/pages"}],"about":[{"href":"https:\/\/sitetest.ccfi-nantes.org\/index.php?rest_route=\/wp\/v2\/types\/page"}],"author":[{"embeddable":true,"href":"https:\/\/sitetest.ccfi-nantes.org\/index.php?rest_route=\/wp\/v2\/users\/1"}],"replies":[{"embeddable":true,"href":"https:\/\/sitetest.ccfi-nantes.org\/index.php?rest_route=%2Fwp%2Fv2%2Fcomments&post=180"}],"version-history":[{"count":2,"href":"https:\/\/sitetest.ccfi-nantes.org\/index.php?rest_route=\/wp\/v2\/pages\/180\/revisions"}],"predecessor-version":[{"id":7978,"href":"https:\/\/sitetest.ccfi-nantes.org\/index.php?rest_route=\/wp\/v2\/pages\/180\/revisions\/7978"}],"wp:attachment":[{"href":"https:\/\/sitetest.ccfi-nantes.org\/index.php?rest_route=%2Fwp%2Fv2%2Fmedia&parent=180"}],"curies":[{"name":"wp","href":"https:\/\/api.w.org\/{rel}","templated":true}]}}