{"id":18168,"date":"2023-09-28T16:51:29","date_gmt":"2023-09-28T14:51:29","guid":{"rendered":"https:\/\/ccfi-nantes.org\/?page_id=18168"},"modified":"2024-07-09T17:52:26","modified_gmt":"2024-07-09T15:52:26","slug":"histoire-de-lart","status":"publish","type":"page","link":"https:\/\/sitetest.ccfi-nantes.org\/?page_id=18168","title":{"rendered":"Histoire de l&rsquo;art"},"content":{"rendered":"\t\t<div data-elementor-type=\"wp-page\" data-elementor-id=\"18168\" class=\"elementor elementor-18168\">\n\t\t\t\t\t\t\t\t\t<section class=\"elementor-section elementor-top-section elementor-element elementor-element-a14bda2 elementor-section-boxed elementor-section-height-default elementor-section-height-default\" data-id=\"a14bda2\" data-element_type=\"section\">\n\t\t\t\t\t\t<div class=\"elementor-container elementor-column-gap-default\">\n\t\t\t\t\t<div class=\"elementor-column elementor-col-100 elementor-top-column elementor-element elementor-element-5e9bbb4\" data-id=\"5e9bbb4\" data-element_type=\"column\">\n\t\t\t<div class=\"elementor-widget-wrap elementor-element-populated\">\n\t\t\t\t\t\t\t\t<div class=\"elementor-element elementor-element-76f7269 elementor-widget elementor-widget-text-editor\" data-id=\"76f7269\" data-element_type=\"widget\" data-widget_type=\"text-editor.default\">\n\t\t\t\t<div class=\"elementor-widget-container\">\n\t\t\t<style>\/*! elementor - v3.16.0 - 13-09-2023 *\/\n.elementor-widget-text-editor.elementor-drop-cap-view-stacked .elementor-drop-cap{background-color:#69727d;color:#fff}.elementor-widget-text-editor.elementor-drop-cap-view-framed .elementor-drop-cap{color:#69727d;border:3px solid;background-color:transparent}.elementor-widget-text-editor:not(.elementor-drop-cap-view-default) .elementor-drop-cap{margin-top:8px}.elementor-widget-text-editor:not(.elementor-drop-cap-view-default) .elementor-drop-cap-letter{width:1em;height:1em}.elementor-widget-text-editor .elementor-drop-cap{float:left;text-align:center;line-height:1;font-size:50px}.elementor-widget-text-editor .elementor-drop-cap-letter{display:inline-block}<\/style>\t\t\t\t<h3 style=\"text-align: center;\"><span style=\"color: #ff0000;\"><strong>Histoire de l&rsquo;Art<\/strong><\/span><\/h3><p><img loading=\"lazy\" decoding=\"async\" class=\"CToWUd a6T aligncenter\" tabindex=\"0\" src=\"https:\/\/ci5.googleusercontent.com\/proxy\/W-j-6KcYMBmbzmU1UPSQAo3BCmHWqNbI1RRqJE5lhwiAjSri58woe4rglskMUv3j2jgIYaHbO9c8CB6XadakaLfYgPFlwtqtGtko893dvTJwAQX3MLCBkLDU0f56hSPw8sIa5_5mwM09CcUwvf6F70pmYUy9RQ=s0-d-e1-ft#https:\/\/mcusercontent.com\/afe4b35649d66a9ff5ba70de2\/images\/15932baa-20f2-4971-d24b-322cade104ec.jpg\" width=\"180\" height=\"193\" data-bit=\"iit\" \/>\u00a0<\/p><div><span style=\"color: #008000;\"><strong>Anim\u00e9 par Eleonora Zura Puntaroni<\/strong><\/span><\/div><div><span style=\"color: #008000;\"><strong>Objectif\u00a0:\u00a0<\/strong><\/span>approfondir ses\u00a0connaissances en italien aussi bien qu&rsquo;en histoire de l&rsquo;art, \u00e0 travers un parcours parmi les peintures et sculptures italiennes, ou d&rsquo;influence italienne, du Mus\u00e9e d&rsquo;Arts de Nantes.<\/div><div><span style=\"color: #008000;\"><strong>M\u00e9thode : <\/strong><\/span>dans ce parcours, les participants exerceront les quatre grandes comp\u00e9tences: \u00e9couter, lire, parler, \u00e9crire ; ils pourront clarifier des points de grammaire, enrichir leur vocabulaire, et particuli\u00e8rement le vocabulaire sp\u00e9cifique de l\u2019histoire de l\u2019art.<\/div><div><span style=\"font-size: 0.95em;\">Le cours se d\u00e9roulera principalement \u00e0 Europa Nantes ; il comprendra aussi trois cours au Mus\u00e9e d&rsquo;Arts de Nantes, dont une visite finale coanim\u00e9e par l&rsquo;enseignante et un m\u00e9diateur culturel du Mus\u00e9e.<\/span><\/div><div><p>Le cours est ouvert \u00e0 tous, aucune connaissance particuli\u00e8re en histoire de l&rsquo;art n&rsquo;est requise, mais un niveau interm\u00e9diaire (B1) de langue italienne est requis.<\/p><\/div><div>Groupe de 8 \u00e0 10 personnes<\/div><div><span style=\"color: #008000;\"><strong>Public vis\u00e9 :\u00a0<\/strong><\/span>\u00e0 partir du niveau B1<\/div><div><strong><span style=\"color: #008000;\">Dates :<\/span>\u00a0<\/strong>d&rsquo;octobre \u00e0 juin &#8211; 13 s\u00e9ances<\/div><div><span style=\"color: #008000;\"><strong>Horaires :<\/strong><\/span> un lundi sur deux &#8211; 14h00-15h30<\/div><div><span style=\"color: #008000;\"><strong>Tarif :<\/strong> <span style=\"color: #808080;\">230<\/span><\/span>\u00a0\u20ac\u00a0<\/div><div>(+ Adh\u00e9sion au CCFI)\u00a0<\/div><div>Information et inscription :\u00a0<strong><span style=\"text-decoration: underline;\"><span style=\"color: #0000ff;\"><a style=\"color: #0000ff; text-decoration: underline;\" href=\"mailto:ccfinantes44@gmail.com\" target=\"_blank\" rel=\"noopener\">ccfinantes44@gmail.com<\/a><\/span><\/span>\u00a0ou 02.40.35.83.20<\/strong><\/div>\t\t\t\t\t\t<\/div>\n\t\t\t\t<\/div>\n\t\t\t\t\t<\/div>\n\t\t<\/div>\n\t\t\t\t\t\t\t<\/div>\n\t\t<\/section>\n\t\t\t\t<section class=\"elementor-section elementor-top-section elementor-element elementor-element-42b4225 elementor-section-boxed elementor-section-height-default elementor-section-height-default\" data-id=\"42b4225\" data-element_type=\"section\">\n\t\t\t\t\t\t<div class=\"elementor-container elementor-column-gap-default\">\n\t\t\t\t\t<div class=\"elementor-column elementor-col-100 elementor-top-column elementor-element elementor-element-a5eaae0\" data-id=\"a5eaae0\" data-element_type=\"column\">\n\t\t\t<div class=\"elementor-widget-wrap\">\n\t\t\t\t\t\t\t\t\t<\/div>\n\t\t<\/div>\n\t\t\t\t\t\t\t<\/div>\n\t\t<\/section>\n\t\t\t\t\t\t\t<\/div>\n\t\t","protected":false},"excerpt":{"rendered":"<p> [&#8230;]<\/p>\n","protected":false},"author":1,"featured_media":0,"parent":0,"menu_order":0,"comment_status":"closed","ping_status":"closed","template":"","meta":{"footnotes":""},"class_list":["post-18168","page","type-page","status-publish","hentry"],"_links":{"self":[{"href":"https:\/\/sitetest.ccfi-nantes.org\/index.php?rest_route=\/wp\/v2\/pages\/18168","targetHints":{"allow":["GET"]}}],"collection":[{"href":"https:\/\/sitetest.ccfi-nantes.org\/index.php?rest_route=\/wp\/v2\/pages"}],"about":[{"href":"https:\/\/sitetest.ccfi-nantes.org\/index.php?rest_route=\/wp\/v2\/types\/page"}],"author":[{"embeddable":true,"href":"https:\/\/sitetest.ccfi-nantes.org\/index.php?rest_route=\/wp\/v2\/users\/1"}],"replies":[{"embeddable":true,"href":"https:\/\/sitetest.ccfi-nantes.org\/index.php?rest_route=%2Fwp%2Fv2%2Fcomments&post=18168"}],"version-history":[{"count":13,"href":"https:\/\/sitetest.ccfi-nantes.org\/index.php?rest_route=\/wp\/v2\/pages\/18168\/revisions"}],"predecessor-version":[{"id":19393,"href":"https:\/\/sitetest.ccfi-nantes.org\/index.php?rest_route=\/wp\/v2\/pages\/18168\/revisions\/19393"}],"wp:attachment":[{"href":"https:\/\/sitetest.ccfi-nantes.org\/index.php?rest_route=%2Fwp%2Fv2%2Fmedia&parent=18168"}],"curies":[{"name":"wp","href":"https:\/\/api.w.org\/{rel}","templated":true}]}}