{"id":18178,"date":"2023-09-28T16:54:55","date_gmt":"2023-09-28T14:54:55","guid":{"rendered":"https:\/\/ccfi-nantes.org\/?page_id=18178"},"modified":"2024-07-02T15:03:44","modified_gmt":"2024-07-02T13:03:44","slug":"ecriture-autobiographique","status":"publish","type":"page","link":"https:\/\/sitetest.ccfi-nantes.org\/?page_id=18178","title":{"rendered":"La Cucina della Nonna"},"content":{"rendered":"\t\t<div data-elementor-type=\"wp-page\" data-elementor-id=\"18178\" class=\"elementor elementor-18178\">\n\t\t\t\t\t\t\t\t\t<section class=\"elementor-section elementor-top-section elementor-element elementor-element-090dd45 elementor-section-boxed elementor-section-height-default elementor-section-height-default\" data-id=\"090dd45\" data-element_type=\"section\">\n\t\t\t\t\t\t<div class=\"elementor-container elementor-column-gap-default\">\n\t\t\t\t\t<div class=\"elementor-column elementor-col-100 elementor-top-column elementor-element elementor-element-45fdb87\" data-id=\"45fdb87\" data-element_type=\"column\">\n\t\t\t<div class=\"elementor-widget-wrap elementor-element-populated\">\n\t\t\t\t\t\t\t\t<div class=\"elementor-element elementor-element-7768969 elementor-widget elementor-widget-text-editor\" data-id=\"7768969\" data-element_type=\"widget\" data-widget_type=\"text-editor.default\">\n\t\t\t\t<div class=\"elementor-widget-container\">\n\t\t\t<style>\/*! elementor - v3.16.0 - 13-09-2023 *\/\n.elementor-widget-text-editor.elementor-drop-cap-view-stacked .elementor-drop-cap{background-color:#69727d;color:#fff}.elementor-widget-text-editor.elementor-drop-cap-view-framed .elementor-drop-cap{color:#69727d;border:3px solid;background-color:transparent}.elementor-widget-text-editor:not(.elementor-drop-cap-view-default) .elementor-drop-cap{margin-top:8px}.elementor-widget-text-editor:not(.elementor-drop-cap-view-default) .elementor-drop-cap-letter{width:1em;height:1em}.elementor-widget-text-editor .elementor-drop-cap{float:left;text-align:center;line-height:1;font-size:50px}.elementor-widget-text-editor .elementor-drop-cap-letter{display:inline-block}<\/style>\t\t\t\t<h3 style=\"text-align: center;\"><span style=\"color: #ff0000;\"><strong>Ateliers Cuisine<\/strong><\/span><br \/><span style=\"color: #ff0000;\"><strong>en italien<\/strong><\/span><\/h3><p><img loading=\"lazy\" decoding=\"async\" class=\"aligncenter wp-image-19069 size-thumbnail\" src=\"https:\/\/ccfi-nantes.org\/wp-content\/uploads\/2024\/02\/unnamed-250x141.png\" alt=\"\" width=\"250\" height=\"141\" srcset=\"https:\/\/sitetest.ccfi-nantes.org\/wp-content\/uploads\/2024\/02\/unnamed-250x141.png 250w, https:\/\/sitetest.ccfi-nantes.org\/wp-content\/uploads\/2024\/02\/unnamed-459x258.png 459w, https:\/\/sitetest.ccfi-nantes.org\/wp-content\/uploads\/2024\/02\/unnamed-1024x576.png 1024w, https:\/\/sitetest.ccfi-nantes.org\/wp-content\/uploads\/2024\/02\/unnamed-768x432.png 768w, https:\/\/sitetest.ccfi-nantes.org\/wp-content\/uploads\/2024\/02\/unnamed-1536x864.png 1536w, https:\/\/sitetest.ccfi-nantes.org\/wp-content\/uploads\/2024\/02\/unnamed.png 1920w\" sizes=\"auto, (max-width: 250px) 100vw, 250px\" \/><\/p><div><span style=\"color: #008000;\"><strong>Anim\u00e9 par Barbara Gulminelli<\/strong><\/span><\/div><div><p>Bienvenue dans La Cucina della Nonna : nous vous invitons \u00e0 partager une exp\u00e9rience authentique, \u00e0 la mani\u00e8re de la cuisine italienne traditionnelle, en mettant l&rsquo;accent sur la convivialit\u00e9 et la simplicit\u00e9, en r\u00e9alisant des recettes de saison.<\/p><p>Au cours des s\u00e9ances, Barbara apportera son expertise et sa passion, et vous pr\u00e9parerez ensemble un primo piatto, un secondo con contorno et un d\u00e9licieux dessert.<\/p><p>Ces ateliers auront d\u00e9sormais lieu dans un nouvel espace accueillant : le restaurant associatif Fair~e. Un lieu interculturel et interg\u00e9n\u00e9rationnel, ax\u00e9 sur l&rsquo;inclusion des personnes r\u00e9fugi\u00e9es \u00e0 travers le partage de la culture et de la cuisine.<\/p><\/div><div><p>Quatre dates sont programm\u00e9es : le samedi 23 novembre (automne), le samedi 25 janvier (hiver), le samedi 26 avril (printemps) et le samedi 21 juin (\u00e9t\u00e9), chacune de ces dates correspondant \u00e0 un menu de saison.<\/p><p>La dur\u00e9e de chaque atelier sera de 3 heures, de 9h30 \u00e0 12h30, avec un temps convivial pour partager le repas que vous aurez pr\u00e9par\u00e9 ensemble.<\/p><p>Il est \u00e0 noter que les ateliers se d\u00e9rouleront exclusivement en italien, et sont accessibles \u00e0 partir d&rsquo;un niveau B1 de la langue.<\/p><p>Vous avez la possibilit\u00e9 de r\u00e9server un atelier ou de profiter de l\u2019offre de r\u00e9servation sur les trois ateliers \u00e0 venir.<\/p><p><strong>Groupe de 8 \u00e0 10 personnes<\/strong><\/p><\/div><div><strong><span style=\"color: #008000;\">A <\/span><\/strong><strong><span style=\"color: #008000;\">partir du niveau B1<\/span><\/strong><\/div><div><strong><span style=\"color: #008000;\">Dates :<\/span>\u00a0<\/strong>4\u00a0s\u00e9ances, les 23 novembre, 25 janvier, 26 avril et 21 juin<\/div><div><span style=\"color: #008000;\"><strong>Horaires :<\/strong><\/span> le samedi 09h30-12h30, puis d\u00e9jeuner en commun<\/div><div><span style=\"color: #008000;\"><strong>Lieu : <\/strong><\/span>restaurant associatif FAIR-E &#8211; 105, bd de la Prairie au Duc (44200)<\/div><div>\u00a0(Ligne 5 &#8211; arr\u00eat Quai des Antilles)\u00a0<\/div><div><span style=\"color: #008000;\"><strong>Tarif :<\/strong><\/span> 50 \u20ac l&rsquo;atelier ou 180 \u20ac les quatre<\/div><div>(+ Adh\u00e9sion au CCFI tarif Cucina 20 \u20ac)\u00a0<\/div><div>Information et inscription obligatoire : <strong><a href=\"mailto:ccfinantes44@gmail.com\" target=\"_blank\" rel=\"noopener\"><span style=\"text-decoration: underline;\"><span style=\"color: #0000ff; text-decoration: underline;\">ccfinantes44@gmail.com<\/span><\/span><\/a>\u00a0ou 02.40.35.83.20<\/strong><\/div>\t\t\t\t\t\t<\/div>\n\t\t\t\t<\/div>\n\t\t\t\t\t<\/div>\n\t\t<\/div>\n\t\t\t\t\t\t\t<\/div>\n\t\t<\/section>\n\t\t\t\t<section class=\"elementor-section elementor-top-section elementor-element elementor-element-97215dd elementor-section-boxed elementor-section-height-default elementor-section-height-default\" data-id=\"97215dd\" data-element_type=\"section\">\n\t\t\t\t\t\t<div class=\"elementor-container elementor-column-gap-default\">\n\t\t\t\t\t<div class=\"elementor-column elementor-col-100 elementor-top-column elementor-element elementor-element-5cdd7f0\" data-id=\"5cdd7f0\" data-element_type=\"column\">\n\t\t\t<div class=\"elementor-widget-wrap elementor-element-populated\">\n\t\t\t\t\t\t\t\t<div class=\"elementor-element elementor-element-7f13963 elementor-widget elementor-widget-text-editor\" data-id=\"7f13963\" data-element_type=\"widget\" data-widget_type=\"text-editor.default\">\n\t\t\t\t<div class=\"elementor-widget-container\">\n\t\t\t\t\t\t\t\t\t\t\t\t\t<\/div>\n\t\t\t\t<\/div>\n\t\t\t\t\t<\/div>\n\t\t<\/div>\n\t\t\t\t\t\t\t<\/div>\n\t\t<\/section>\n\t\t\t\t<section class=\"elementor-section elementor-top-section elementor-element elementor-element-42b4225 elementor-section-boxed elementor-section-height-default elementor-section-height-default\" data-id=\"42b4225\" data-element_type=\"section\">\n\t\t\t\t\t\t<div class=\"elementor-container elementor-column-gap-default\">\n\t\t\t\t\t<div class=\"elementor-column elementor-col-100 elementor-top-column elementor-element elementor-element-91d58cb\" data-id=\"91d58cb\" data-element_type=\"column\">\n\t\t\t<div class=\"elementor-widget-wrap\">\n\t\t\t\t\t\t\t\t\t<\/div>\n\t\t<\/div>\n\t\t\t\t\t\t\t<\/div>\n\t\t<\/section>\n\t\t\t\t\t\t\t<\/div>\n\t\t","protected":false},"excerpt":{"rendered":"<p> [&#8230;]<\/p>\n","protected":false},"author":1,"featured_media":0,"parent":0,"menu_order":0,"comment_status":"closed","ping_status":"closed","template":"","meta":{"footnotes":""},"class_list":["post-18178","page","type-page","status-publish","hentry"],"_links":{"self":[{"href":"https:\/\/sitetest.ccfi-nantes.org\/index.php?rest_route=\/wp\/v2\/pages\/18178","targetHints":{"allow":["GET"]}}],"collection":[{"href":"https:\/\/sitetest.ccfi-nantes.org\/index.php?rest_route=\/wp\/v2\/pages"}],"about":[{"href":"https:\/\/sitetest.ccfi-nantes.org\/index.php?rest_route=\/wp\/v2\/types\/page"}],"author":[{"embeddable":true,"href":"https:\/\/sitetest.ccfi-nantes.org\/index.php?rest_route=\/wp\/v2\/users\/1"}],"replies":[{"embeddable":true,"href":"https:\/\/sitetest.ccfi-nantes.org\/index.php?rest_route=%2Fwp%2Fv2%2Fcomments&post=18178"}],"version-history":[{"count":18,"href":"https:\/\/sitetest.ccfi-nantes.org\/index.php?rest_route=\/wp\/v2\/pages\/18178\/revisions"}],"predecessor-version":[{"id":19366,"href":"https:\/\/sitetest.ccfi-nantes.org\/index.php?rest_route=\/wp\/v2\/pages\/18178\/revisions\/19366"}],"wp:attachment":[{"href":"https:\/\/sitetest.ccfi-nantes.org\/index.php?rest_route=%2Fwp%2Fv2%2Fmedia&parent=18178"}],"curies":[{"name":"wp","href":"https:\/\/api.w.org\/{rel}","templated":true}]}}