{"id":19086,"date":"2024-02-15T18:19:39","date_gmt":"2024-02-15T16:19:39","guid":{"rendered":"https:\/\/ccfi-nantes.org\/?page_id=19086"},"modified":"2024-02-20T19:05:34","modified_gmt":"2024-02-20T17:05:34","slug":"saison-2023-2024","status":"publish","type":"page","link":"https:\/\/sitetest.ccfi-nantes.org\/?page_id=19086","title":{"rendered":"Saison 2023-24"},"content":{"rendered":"\t\t<div data-elementor-type=\"wp-page\" data-elementor-id=\"19086\" class=\"elementor elementor-19086\">\n\t\t\t\t\t\t\t\t\t<section class=\"elementor-section elementor-top-section elementor-element elementor-element-c4d7176 elementor-section-boxed elementor-section-height-default elementor-section-height-default\" data-id=\"c4d7176\" data-element_type=\"section\">\n\t\t\t\t\t\t<div class=\"elementor-container elementor-column-gap-default\">\n\t\t\t\t\t<div class=\"elementor-column elementor-col-100 elementor-top-column elementor-element elementor-element-78428d1\" data-id=\"78428d1\" data-element_type=\"column\">\n\t\t\t<div class=\"elementor-widget-wrap elementor-element-populated\">\n\t\t\t\t\t\t\t\t<div class=\"elementor-element elementor-element-8445c70 elementor-widget elementor-widget-text-editor\" data-id=\"8445c70\" data-element_type=\"widget\" data-widget_type=\"text-editor.default\">\n\t\t\t\t<div class=\"elementor-widget-container\">\n\t\t\t<style>\/*! elementor - v3.16.0 - 13-09-2023 *\/\n.elementor-widget-text-editor.elementor-drop-cap-view-stacked .elementor-drop-cap{background-color:#69727d;color:#fff}.elementor-widget-text-editor.elementor-drop-cap-view-framed .elementor-drop-cap{color:#69727d;border:3px solid;background-color:transparent}.elementor-widget-text-editor:not(.elementor-drop-cap-view-default) .elementor-drop-cap{margin-top:8px}.elementor-widget-text-editor:not(.elementor-drop-cap-view-default) .elementor-drop-cap-letter{width:1em;height:1em}.elementor-widget-text-editor .elementor-drop-cap{float:left;text-align:center;line-height:1;font-size:50px}.elementor-widget-text-editor .elementor-drop-cap-letter{display:inline-block}<\/style>\t\t\t\t<section class=\"elementor-section elementor-top-section elementor-element elementor-element-5029fd1 elementor-section-boxed elementor-section-height-default elementor-section-height-default\" data-id=\"5029fd1\" data-element_type=\"section\"><div class=\"elementor-container elementor-column-gap-default\"><div class=\"elementor-column elementor-col-100 elementor-top-column elementor-element elementor-element-f2d44c0\" data-id=\"f2d44c0\" data-element_type=\"column\"><div class=\"elementor-widget-wrap elementor-element-populated\"><div class=\"elementor-element elementor-element-46ab635 elementor-widget elementor-widget-text-editor\" data-id=\"46ab635\" data-element_type=\"widget\" data-widget_type=\"text-editor.default\"><div class=\"elementor-widget-container\"><h3 style=\"text-align: center;\"><span style=\"color: #ff0000;\"><strong>STAGE INTENSIF D\u2019ITALIEN EN LIGNE<\/strong><\/span><\/h3><h3 style=\"text-align: center;\"><span style=\"color: #ff0000;\"><strong>DEBUTANTS<\/strong><\/span><\/h3><p><img loading=\"lazy\" decoding=\"async\" class=\"aligncenter wp-image-19088 size-thumbnail\" src=\"https:\/\/ccfi-nantes.org\/wp-content\/uploads\/2024\/02\/Litalien-a-casa-250x141.png\" alt=\"\" width=\"250\" height=\"141\" srcset=\"https:\/\/sitetest.ccfi-nantes.org\/wp-content\/uploads\/2024\/02\/Litalien-a-casa-250x141.png 250w, https:\/\/sitetest.ccfi-nantes.org\/wp-content\/uploads\/2024\/02\/Litalien-a-casa-459x258.png 459w, https:\/\/sitetest.ccfi-nantes.org\/wp-content\/uploads\/2024\/02\/Litalien-a-casa-1024x576.png 1024w, https:\/\/sitetest.ccfi-nantes.org\/wp-content\/uploads\/2024\/02\/Litalien-a-casa-768x432.png 768w, https:\/\/sitetest.ccfi-nantes.org\/wp-content\/uploads\/2024\/02\/Litalien-a-casa-1536x864.png 1536w, https:\/\/sitetest.ccfi-nantes.org\/wp-content\/uploads\/2024\/02\/Litalien-a-casa.png 1920w\" sizes=\"auto, (max-width: 250px) 100vw, 250px\" \/><\/p><h3 style=\"text-align: center;\"><span style=\"color: #008000;\"><strong>D\u00e9couvrez l\u2019Italien a Casa<\/strong><\/span><\/h3><h3 style=\"text-align: center;\"><span style=\"color: #008000;\"><strong>Du 4 au 7 mars 2024<\/strong><\/span><\/h3><\/div><\/div><\/div><\/div><\/div><\/section><section class=\"elementor-section elementor-top-section elementor-element elementor-element-91e4c5b elementor-section-boxed elementor-section-height-default elementor-section-height-default\" data-id=\"91e4c5b\" data-element_type=\"section\"><div class=\"elementor-container elementor-column-gap-default\"><div class=\"elementor-column elementor-col-100 elementor-top-column elementor-element elementor-element-5289f03\" data-id=\"5289f03\" data-element_type=\"column\"><div class=\"elementor-widget-wrap elementor-element-populated\"><div class=\"elementor-element elementor-element-eb7405a elementor-widget elementor-widget-text-editor\" data-id=\"eb7405a\" data-element_type=\"widget\" data-widget_type=\"text-editor.default\"><div class=\"elementor-widget-container\"><p>Ce stage est particuli\u00e8rement con\u00e7u pour les\u00a0<strong>\u00ab\u00a0d\u00e9butants absolus\u00a0\u00bb\u00a0<\/strong>souhaitant d\u00e9couvrir la langue italienne et l\u2019Italie.<\/p><p><span style=\"color: #008000;\"><strong>Objectif :<\/strong><\/span>\u00a0s\u2019initier aux notions de base de la langue italienne, acqu\u00e9rir rapidement de la confiance \u00e0 l\u2019\u00e9crit comme \u00e0 l\u2019oral, gr\u00e2ce \u00e0 un programme tr\u00e8s structur\u00e9.<br \/>Vous serez capable de vous pr\u00e9senter, de d\u00e9crire votre environnement personnel et relationnel, d\u2019aborder diverses situations de votre vie quotidienne (travail, loisirs, sorties, achats), et de poser des questions simples sur ces m\u00eames domaines \u00e0 vos interlocuteurs.<\/p><p><span style=\"color: #008000;\"><strong>M\u00e9thode :\u00a0<\/strong><\/span>les s\u00e9ances s\u2019appuient sur des m\u00e9thodes ludiques et participatives (des vid\u00e9os, des chansons, de nombreux jeux et exercices ainsi que des petites explications de grammaire), et sur une p\u00e9dagogie bas\u00e9e sur l\u2019\u00e9change avec des mises en situation.<\/p><p>Le groupe restreint\u00a0<strong>(8 \u00e0 10 personnes<\/strong>) permet \u00e0 chaque participant de prendre la parole, de s\u2019exprimer et de gagner en fluidit\u00e9.<\/p><p>Vous pourrez ensuite vous inscrire \u00e0 un cours niveau A1 pour bien maitriser et approfondir les connaissances acquises.<\/p><p><strong>4 s\u00e9ances du lundi au jeudi.<\/strong><\/p><p><strong>Horaires :<\/strong> 2h30\/jour- 18h30-21h00<br \/><strong>Tarif :<\/strong>\u00a0100\u00a0\u20ac<br \/>Adh\u00e9sion au CCFI (tarif sp\u00e9cial stage : 20\u00a0\u20ac)<\/p><p><strong>Stage intensif en visio sur Zoom<\/strong><\/p><p>Pour s&rsquo;inscrire :<a href=\"https:\/\/ccfi-nantes.org\/wp-content\/uploads\/2024\/02\/4.-FI-2024_03-STI-A1-pdf-1.pdf\"><span style=\"text-decoration: underline;\"><span style=\"color: #0000ff; text-decoration: underline;\">ici<\/span><\/span><\/a><\/p><p>Ou contacter le secr\u00e9tariat :\u00a0<strong><a href=\"mailto:ccfinantes44@gmail.com\" target=\"_blank\" rel=\"noopener\">ccfinantes44@gmail.com<\/a>\u00a0ou 02.40.35.83.20<\/strong><\/p><\/div><\/div><\/div><\/div><\/div><\/section>\t\t\t\t\t\t<\/div>\n\t\t\t\t<\/div>\n\t\t\t\t\t<\/div>\n\t\t<\/div>\n\t\t\t\t\t\t\t<\/div>\n\t\t<\/section>\n\t\t\t\t\t\t\t<\/div>\n\t\t","protected":false},"excerpt":{"rendered":"<p> [&#8230;]<\/p>\n","protected":false},"author":1,"featured_media":0,"parent":0,"menu_order":0,"comment_status":"closed","ping_status":"closed","template":"","meta":{"footnotes":""},"class_list":["post-19086","page","type-page","status-publish","hentry"],"_links":{"self":[{"href":"https:\/\/sitetest.ccfi-nantes.org\/index.php?rest_route=\/wp\/v2\/pages\/19086","targetHints":{"allow":["GET"]}}],"collection":[{"href":"https:\/\/sitetest.ccfi-nantes.org\/index.php?rest_route=\/wp\/v2\/pages"}],"about":[{"href":"https:\/\/sitetest.ccfi-nantes.org\/index.php?rest_route=\/wp\/v2\/types\/page"}],"author":[{"embeddable":true,"href":"https:\/\/sitetest.ccfi-nantes.org\/index.php?rest_route=\/wp\/v2\/users\/1"}],"replies":[{"embeddable":true,"href":"https:\/\/sitetest.ccfi-nantes.org\/index.php?rest_route=%2Fwp%2Fv2%2Fcomments&post=19086"}],"version-history":[{"count":5,"href":"https:\/\/sitetest.ccfi-nantes.org\/index.php?rest_route=\/wp\/v2\/pages\/19086\/revisions"}],"predecessor-version":[{"id":19099,"href":"https:\/\/sitetest.ccfi-nantes.org\/index.php?rest_route=\/wp\/v2\/pages\/19086\/revisions\/19099"}],"wp:attachment":[{"href":"https:\/\/sitetest.ccfi-nantes.org\/index.php?rest_route=%2Fwp%2Fv2%2Fmedia&parent=19086"}],"curies":[{"name":"wp","href":"https:\/\/api.w.org\/{rel}","templated":true}]}}