{"id":207,"date":"2019-07-31T08:34:12","date_gmt":"2019-07-31T06:34:12","guid":{"rendered":"https:\/\/ccfi-nantes.org\/?page_id=207"},"modified":"2022-04-30T09:02:00","modified_gmt":"2022-04-30T07:02:00","slug":"voyage-a-naples","status":"publish","type":"page","link":"https:\/\/sitetest.ccfi-nantes.org\/?page_id=207","title":{"rendered":"Voyage saison 2021\/2022"},"content":{"rendered":"\t\t<div data-elementor-type=\"wp-post\" data-elementor-id=\"207\" class=\"elementor elementor-207\">\n\t\t\t\t\t\t\t\t\t<section class=\"elementor-section elementor-top-section elementor-element elementor-element-c4a63aa elementor-section-boxed elementor-section-height-default elementor-section-height-default\" data-id=\"c4a63aa\" data-element_type=\"section\">\n\t\t\t\t\t\t<div class=\"elementor-container elementor-column-gap-default\">\n\t\t\t\t\t<div class=\"elementor-column elementor-col-100 elementor-top-column elementor-element elementor-element-10c19a2\" data-id=\"10c19a2\" data-element_type=\"column\">\n\t\t\t<div class=\"elementor-widget-wrap elementor-element-populated\">\n\t\t\t\t\t\t\t\t<div class=\"elementor-element elementor-element-9a25849 elementor-widget elementor-widget-heading\" data-id=\"9a25849\" data-element_type=\"widget\" data-widget_type=\"heading.default\">\n\t\t\t\t<div class=\"elementor-widget-container\">\n\t\t\t<style>\/*! elementor - v3.16.0 - 13-09-2023 *\/\n.elementor-heading-title{padding:0;margin:0;line-height:1}.elementor-widget-heading .elementor-heading-title[class*=elementor-size-]>a{color:inherit;font-size:inherit;line-height:inherit}.elementor-widget-heading .elementor-heading-title.elementor-size-small{font-size:15px}.elementor-widget-heading .elementor-heading-title.elementor-size-medium{font-size:19px}.elementor-widget-heading .elementor-heading-title.elementor-size-large{font-size:29px}.elementor-widget-heading .elementor-heading-title.elementor-size-xl{font-size:39px}.elementor-widget-heading .elementor-heading-title.elementor-size-xxl{font-size:59px}<\/style><h3 class=\"elementor-heading-title elementor-size-default\">La saison 2021-2022 c\u00e9l\u00e8bre<br>les cent cinquante ans de ROME CAPITALE de l'Italie moderne.<\/h3>\t\t<\/div>\n\t\t\t\t<\/div>\n\t\t\t\t\t<\/div>\n\t\t<\/div>\n\t\t\t\t\t\t\t<\/div>\n\t\t<\/section>\n\t\t\t\t<section class=\"elementor-section elementor-top-section elementor-element elementor-element-c29c140 elementor-section-boxed elementor-section-height-default elementor-section-height-default\" data-id=\"c29c140\" data-element_type=\"section\">\n\t\t\t\t\t\t<div class=\"elementor-container elementor-column-gap-default\">\n\t\t\t\t\t<div class=\"elementor-column elementor-col-100 elementor-top-column elementor-element elementor-element-6704312\" data-id=\"6704312\" data-element_type=\"column\">\n\t\t\t<div class=\"elementor-widget-wrap elementor-element-populated\">\n\t\t\t\t\t\t\t\t<div class=\"elementor-element elementor-element-6decc39 elementor-widget elementor-widget-image\" data-id=\"6decc39\" data-element_type=\"widget\" data-widget_type=\"image.default\">\n\t\t\t\t<div class=\"elementor-widget-container\">\n\t\t\t<style>\/*! elementor - v3.16.0 - 13-09-2023 *\/\n.elementor-widget-image{text-align:center}.elementor-widget-image a{display:inline-block}.elementor-widget-image a img[src$=\".svg\"]{width:48px}.elementor-widget-image img{vertical-align:middle;display:inline-block}<\/style>\t\t\t\t\t\t\t\t\t\t\t\t<img decoding=\"async\" src=\"https:\/\/sitetest.ccfi-nantes.org\/wp-content\/uploads\/2021\/11\/20190914_192313-1-scaled.jpg\" title=\"20190914_192313\" alt=\"20190914_192313\" loading=\"lazy\" \/>\t\t\t\t\t\t\t\t\t\t\t\t\t\t\t<\/div>\n\t\t\t\t<\/div>\n\t\t\t\t\t<\/div>\n\t\t<\/div>\n\t\t\t\t\t\t\t<\/div>\n\t\t<\/section>\n\t\t\t\t<section class=\"elementor-section elementor-top-section elementor-element elementor-element-a5bfe1f elementor-section-boxed elementor-section-height-default elementor-section-height-default\" data-id=\"a5bfe1f\" data-element_type=\"section\">\n\t\t\t\t\t\t<div class=\"elementor-container elementor-column-gap-default\">\n\t\t\t\t\t<div class=\"elementor-column elementor-col-100 elementor-top-column elementor-element elementor-element-c7c4727\" data-id=\"c7c4727\" data-element_type=\"column\">\n\t\t\t<div class=\"elementor-widget-wrap elementor-element-populated\">\n\t\t\t\t\t\t\t\t<div class=\"elementor-element elementor-element-308988a elementor-widget elementor-widget-text-editor\" data-id=\"308988a\" data-element_type=\"widget\" data-widget_type=\"text-editor.default\">\n\t\t\t\t<div class=\"elementor-widget-container\">\n\t\t\t<style>\/*! elementor - v3.16.0 - 13-09-2023 *\/\n.elementor-widget-text-editor.elementor-drop-cap-view-stacked .elementor-drop-cap{background-color:#69727d;color:#fff}.elementor-widget-text-editor.elementor-drop-cap-view-framed .elementor-drop-cap{color:#69727d;border:3px solid;background-color:transparent}.elementor-widget-text-editor:not(.elementor-drop-cap-view-default) .elementor-drop-cap{margin-top:8px}.elementor-widget-text-editor:not(.elementor-drop-cap-view-default) .elementor-drop-cap-letter{width:1em;height:1em}.elementor-widget-text-editor .elementor-drop-cap{float:left;text-align:center;line-height:1;font-size:50px}.elementor-widget-text-editor .elementor-drop-cap-letter{display:inline-block}<\/style>\t\t\t\t<p style=\"text-align: center;\"><span style=\"color: #ff0000;\"><strong>Voyage \u00e0 Rome du 1er au 8 avril 2022\u00a0<\/strong><\/span><\/p><p>Avec l&rsquo;association romaine<span style=\"color: #ff0000;\"><strong> Yes Art Italy <\/strong><\/span>visites des principaux lieux du pouvoir politique de la Rome moderne, et aussi des lieux d&rsquo;art, le Palais Farnese,\u00a0 la Villa d&rsquo;Este \u00e0 Tivoli et les tombes \u00e9trusques de Tarquinia, avec des guides bilingues locaux.<\/p>\t\t\t\t\t\t<\/div>\n\t\t\t\t<\/div>\n\t\t\t\t\t<\/div>\n\t\t<\/div>\n\t\t\t\t\t\t\t<\/div>\n\t\t<\/section>\n\t\t\t\t<section class=\"elementor-section elementor-top-section elementor-element elementor-element-32c7c96 elementor-section-boxed elementor-section-height-default elementor-section-height-default\" data-id=\"32c7c96\" data-element_type=\"section\">\n\t\t\t\t\t\t<div class=\"elementor-container elementor-column-gap-default\">\n\t\t\t\t\t<div class=\"elementor-column elementor-col-100 elementor-top-column elementor-element elementor-element-902ced9\" data-id=\"902ced9\" data-element_type=\"column\">\n\t\t\t<div class=\"elementor-widget-wrap elementor-element-populated\">\n\t\t\t\t\t\t\t\t<div class=\"elementor-element elementor-element-2634e85 elementor-widget elementor-widget-text-editor\" data-id=\"2634e85\" data-element_type=\"widget\" data-widget_type=\"text-editor.default\">\n\t\t\t\t<div class=\"elementor-widget-container\">\n\t\t\t\t\t\t\t<p><span style=\"color: #000000;\"><b>suivez le parcours du CCFI \u00e0 Rome\u00a0 <\/b><\/span><span style=\"text-decoration: underline;\"><span style=\"color: #0000ff; text-decoration: underline;\"><a style=\"color: #0000ff; text-decoration: underline;\" href=\"https:\/\/ccfi-nantes.org\/?p=11468\" target=\"_blank\" rel=\"noopener\">cliquez ici<\/a><\/span><\/span><\/p>\t\t\t\t\t\t<\/div>\n\t\t\t\t<\/div>\n\t\t\t\t\t<\/div>\n\t\t<\/div>\n\t\t\t\t\t\t\t<\/div>\n\t\t<\/section>\n\t\t\t\t<section class=\"elementor-section elementor-top-section elementor-element elementor-element-6407310 elementor-section-boxed elementor-section-height-default elementor-section-height-default\" data-id=\"6407310\" data-element_type=\"section\">\n\t\t\t\t\t\t<div class=\"elementor-container elementor-column-gap-default\">\n\t\t\t\t\t<div class=\"elementor-column elementor-col-100 elementor-top-column elementor-element elementor-element-3becb46\" data-id=\"3becb46\" data-element_type=\"column\">\n\t\t\t<div class=\"elementor-widget-wrap elementor-element-populated\">\n\t\t\t\t\t\t\t\t<div class=\"elementor-element elementor-element-c20fd22 elementor-widget elementor-widget-text-editor\" data-id=\"c20fd22\" data-element_type=\"widget\" data-widget_type=\"text-editor.default\">\n\t\t\t\t<div class=\"elementor-widget-container\">\n\t\t\t\t\t\t\t<table width=\"698\"><tbody><tr><td width=\"698\"><p style=\"text-align: center;\"><strong>Le programme <\/strong><\/p><p><strong>J1 \u2013 vendredi 1<sup>er<\/sup> avril : rendez-vous avec l\u2019\u00e9quipe Yes Art Italy \u00e0 l\u2019h\u00f4tel Kennedy<br \/>Pr\u00e9sentation du s\u00e9jour puis visite guid\u00e9e du quartier de l\u2019Esquilin\/Porta Maggiore<br \/><\/strong>D\u00eener pizzeria organis\u00e9 par<em><u> Yes Art Italy.<\/u><\/em><\/p><p><strong>J2 \u2013 samedi 2 avril\u00a0: <br \/><\/strong><strong>Piazza Navona: visite de son sous-sol (Stade de Domitien). <br \/><\/strong>D\u00e9jeuner organis\u00e9 par <em><u>Yes Art Italy<\/u><\/em> dans le quartier de piazza Navona<strong>. <br \/>Visite du Palazzo Venezia <\/strong><\/p><p><strong>J3 \u2013 dimanche 3 avril\u00a0: <br \/><\/strong><strong>Visite \u00ab\u00a0Liberty \u00e0 Rome : quartier de Copped\u00e8&#8230; l\u2019\u00e9sot\u00e9rique\u00a0\u00bb .<br \/>Visite de la Villa M\u00e9dicis. <br \/><\/strong>D\u00eener organis\u00e9 par <em><u>Yes Art Italy<\/u><\/em>.<\/p><p><strong>J4 \u2013 lundi 4 avril : <br \/><\/strong><strong>Eglise San Nicol\u00e0 in Carcere et visite de son sous-sol. <br \/>Promenade Rione Regola (Rome Renaissance) et Campo de&rsquo; Fiori \/ Art, Alchimie et symboles ma\u00e7onniques) <br \/><\/strong>D\u00eener organis\u00e9 par <em><u>Yes Art Italy<\/u><\/em> dans le quartier juif.<\/p><p><strong>J5 \u2013 mardi 5 avril\u00a0: Excursion \u00e0 Tivoli, <br \/><\/strong><strong>Visite de la Villa D\u2019Este. <br \/><\/strong>D\u00e9jeuner organis\u00e9 par <em><u>Yes Art Italy<\/u><\/em> dans le centre historique.<strong><br \/>Villa Gregoriana ou visite du centre historique de Tivoli<\/strong><strong>.<\/strong><\/p><p><strong>J6 \u2013 mercredi 6 avril\u00a0: visites Palais du Quirinale &#8211; Mausol\u00e9e d\u2019Auguste. <\/strong><\/p><p><strong>J7 &#8211; jeudi 7 avril : Excursion \u00e0 Tarquinia en bus priv\u00e9<br \/><\/strong><strong>Visite guid\u00e9e de la n\u00e9cropole<\/strong><strong><br \/><\/strong>D\u00e9jeuner organis\u00e9 par <em><u>Yes Art Italy.<br \/><\/u><\/em><strong><em>Visite mus\u00e9e \u00e9trusque<u><br \/><\/u>Au revoir de toute l\u2019\u00e9quipe de <u>Yes Art Italy<\/u><\/em><\/strong><\/p><p><strong>J8 \u2013 vendredi 8 avril\u00a0: d\u00e9part<\/strong><\/p><\/td><\/tr><\/tbody><\/table>\t\t\t\t\t\t<\/div>\n\t\t\t\t<\/div>\n\t\t\t\t\t<\/div>\n\t\t<\/div>\n\t\t\t\t\t\t\t<\/div>\n\t\t<\/section>\n\t\t\t\t<section class=\"elementor-section elementor-top-section elementor-element elementor-element-44ddcd1 elementor-section-boxed elementor-section-height-default elementor-section-height-default\" data-id=\"44ddcd1\" data-element_type=\"section\">\n\t\t\t\t\t\t<div class=\"elementor-container elementor-column-gap-default\">\n\t\t\t\t\t<div class=\"elementor-column elementor-col-100 elementor-top-column elementor-element elementor-element-89a986b\" data-id=\"89a986b\" data-element_type=\"column\">\n\t\t\t<div class=\"elementor-widget-wrap elementor-element-populated\">\n\t\t\t\t\t\t\t\t<div class=\"elementor-element elementor-element-7b37976 elementor-widget elementor-widget-text-editor\" data-id=\"7b37976\" data-element_type=\"widget\" data-widget_type=\"text-editor.default\">\n\t\t\t\t<div class=\"elementor-widget-container\">\n\t\t\t\t\t\t\t<h5><span style=\"color: #800000;\">Inscriptions closes<\/span><\/h5>\t\t\t\t\t\t<\/div>\n\t\t\t\t<\/div>\n\t\t\t\t\t<\/div>\n\t\t<\/div>\n\t\t\t\t\t\t\t<\/div>\n\t\t<\/section>\n\t\t\t\t\t\t\t<\/div>\n\t\t","protected":false},"excerpt":{"rendered":"<p> [&#8230;]<\/p>\n","protected":false},"author":1,"featured_media":0,"parent":0,"menu_order":0,"comment_status":"closed","ping_status":"closed","template":"","meta":{"footnotes":""},"class_list":["post-207","page","type-page","status-publish","hentry"],"_links":{"self":[{"href":"https:\/\/sitetest.ccfi-nantes.org\/index.php?rest_route=\/wp\/v2\/pages\/207","targetHints":{"allow":["GET"]}}],"collection":[{"href":"https:\/\/sitetest.ccfi-nantes.org\/index.php?rest_route=\/wp\/v2\/pages"}],"about":[{"href":"https:\/\/sitetest.ccfi-nantes.org\/index.php?rest_route=\/wp\/v2\/types\/page"}],"author":[{"embeddable":true,"href":"https:\/\/sitetest.ccfi-nantes.org\/index.php?rest_route=\/wp\/v2\/users\/1"}],"replies":[{"embeddable":true,"href":"https:\/\/sitetest.ccfi-nantes.org\/index.php?rest_route=%2Fwp%2Fv2%2Fcomments&post=207"}],"version-history":[{"count":69,"href":"https:\/\/sitetest.ccfi-nantes.org\/index.php?rest_route=\/wp\/v2\/pages\/207\/revisions"}],"predecessor-version":[{"id":12338,"href":"https:\/\/sitetest.ccfi-nantes.org\/index.php?rest_route=\/wp\/v2\/pages\/207\/revisions\/12338"}],"wp:attachment":[{"href":"https:\/\/sitetest.ccfi-nantes.org\/index.php?rest_route=%2Fwp%2Fv2%2Fmedia&parent=207"}],"curies":[{"name":"wp","href":"https:\/\/api.w.org\/{rel}","templated":true}]}}