{"id":496,"date":"2019-08-16T21:58:03","date_gmt":"2019-08-16T19:58:03","guid":{"rendered":"https:\/\/ccfi-nantes.org\/?page_id=496"},"modified":"2024-06-18T16:42:45","modified_gmt":"2024-06-18T14:42:45","slug":"sinscrire-a-un-cour","status":"publish","type":"page","link":"https:\/\/sitetest.ccfi-nantes.org\/?page_id=496","title":{"rendered":"S&rsquo;inscrire \u00e0 un cours"},"content":{"rendered":"\t\t<div data-elementor-type=\"wp-post\" data-elementor-id=\"496\" class=\"elementor elementor-496\">\n\t\t\t\t\t\t\t\t\t<section class=\"elementor-section elementor-top-section elementor-element elementor-element-e729e3a elementor-section-boxed elementor-section-height-default elementor-section-height-default\" data-id=\"e729e3a\" data-element_type=\"section\">\n\t\t\t\t\t\t<div class=\"elementor-container elementor-column-gap-default\">\n\t\t\t\t\t<div class=\"elementor-column elementor-col-33 elementor-top-column elementor-element elementor-element-a9c9212\" data-id=\"a9c9212\" data-element_type=\"column\">\n\t\t\t<div class=\"elementor-widget-wrap elementor-element-populated\">\n\t\t\t\t\t\t\t\t<div class=\"elementor-element elementor-element-d712094 elementor-widget elementor-widget-image\" data-id=\"d712094\" data-element_type=\"widget\" data-widget_type=\"image.default\">\n\t\t\t\t<div class=\"elementor-widget-container\">\n\t\t\t<style>\/*! elementor - v3.16.0 - 13-09-2023 *\/\n.elementor-widget-image{text-align:center}.elementor-widget-image a{display:inline-block}.elementor-widget-image a img[src$=\".svg\"]{width:48px}.elementor-widget-image img{vertical-align:middle;display:inline-block}<\/style>\t\t\t\t\t\t\t\t\t\t\t\t<img loading=\"lazy\" decoding=\"async\" width=\"273\" height=\"185\" src=\"https:\/\/sitetest.ccfi-nantes.org\/wp-content\/uploads\/2020\/09\/RDV.jpg\" class=\"attachment-large size-large wp-image-3042\" alt=\"\" \/>\t\t\t\t\t\t\t\t\t\t\t\t\t\t\t<\/div>\n\t\t\t\t<\/div>\n\t\t\t\t\t<\/div>\n\t\t<\/div>\n\t\t\t\t<div class=\"elementor-column elementor-col-66 elementor-top-column elementor-element elementor-element-db87bf2\" data-id=\"db87bf2\" data-element_type=\"column\">\n\t\t\t<div class=\"elementor-widget-wrap elementor-element-populated\">\n\t\t\t\t\t\t\t\t<div class=\"elementor-element elementor-element-94d248a elementor-widget elementor-widget-text-editor\" data-id=\"94d248a\" data-element_type=\"widget\" data-widget_type=\"text-editor.default\">\n\t\t\t\t<div class=\"elementor-widget-container\">\n\t\t\t<style>\/*! elementor - v3.16.0 - 13-09-2023 *\/\n.elementor-widget-text-editor.elementor-drop-cap-view-stacked .elementor-drop-cap{background-color:#69727d;color:#fff}.elementor-widget-text-editor.elementor-drop-cap-view-framed .elementor-drop-cap{color:#69727d;border:3px solid;background-color:transparent}.elementor-widget-text-editor:not(.elementor-drop-cap-view-default) .elementor-drop-cap{margin-top:8px}.elementor-widget-text-editor:not(.elementor-drop-cap-view-default) .elementor-drop-cap-letter{width:1em;height:1em}.elementor-widget-text-editor .elementor-drop-cap{float:left;text-align:center;line-height:1;font-size:50px}.elementor-widget-text-editor .elementor-drop-cap-letter{display:inline-block}<\/style>\t\t\t\t<div style=\"text-align: justify;\"><span style=\"font-size: 13px;\"><span style=\"font-family: arial,helvetica neue,helvetica,sans-serif;\"><span style=\"vertical-align: inherit;\"><span style=\"vertical-align: inherit;\">Vous pouvez vous inscrire<\/span><\/span><\/span><\/span><\/div>\n<div style=\"text-align: justify;\"><span style=\"font-size: 13px;\"><span style=\"font-family: arial,helvetica neue,helvetica,sans-serif;\"><span style=\"vertical-align: inherit;\"><span style=\"vertical-align: inherit;\">\u00a0<\/span><\/span><\/span><\/span><\/div>\n<ul>\n<li style=\"text-align: justify;\"><span style=\"font-size: 13px;\"><span style=\"font-family: arial,helvetica neue,helvetica,sans-serif;\"><span style=\"vertical-align: inherit;\"><span style=\"vertical-align: inherit;\"><strong>soit en prenant contact<\/strong> ( <\/span><\/span><\/span><\/span><span style=\"font-size: 12px;\"><a style=\"color: #2baadf; font-weight: normal; text-decoration-line: underline;\" href=\"mailto:ccfinantes44@gmail.com\" target=\"_blank\" rel=\"noopener\" data-cke-saved-href=\"mailto:ccfinantes44@gmail.com\"><span style=\"color: #0000ff;\"><span style=\"vertical-align: inherit;\"><span style=\"vertical-align: inherit;\">ccfinantes44@gmail.com<\/span><\/span><\/span><\/a><\/span><strong><span style=\"font-size: 12px;\"><span style=\"vertical-align: inherit;\"><span style=\"vertical-align: inherit;\"> ou 02.40.35.83.20 <\/span><\/span><\/span><\/strong><span style=\"font-size: 13px;\"><span style=\"font-family: arial,helvetica neue,helvetica,sans-serif;\"><span style=\"vertical-align: inherit;\"><span style=\"vertical-align: inherit;\">),<\/span><\/span><\/span><\/span><\/li>\n<li style=\"text-align: justify;\"><span style=\"font-size: 13px;\"><span style=\"font-family: arial,helvetica neue,helvetica,sans-serif;\"><span style=\"vertical-align: inherit;\"><span style=\"vertical-align: inherit;\"><strong>soit en prenant un rendez-vous personnalis\u00e9<\/strong> avec un membre de l\u2019\u00e9quipe du CCFI. <\/span><span style=\"vertical-align: inherit;\">Nous vous accueillerons \u00e0 Europa Nantes le jour et les horaires que vous aurez choisis.<\/span><\/span><\/span><\/span><\/li>\n<\/ul>\t\t\t\t\t\t<\/div>\n\t\t\t\t<\/div>\n\t\t\t\t\t<\/div>\n\t\t<\/div>\n\t\t\t\t\t\t\t<\/div>\n\t\t<\/section>\n\t\t\t\t<section class=\"elementor-section elementor-top-section elementor-element elementor-element-da96ac7 elementor-section-boxed elementor-section-height-default elementor-section-height-default\" data-id=\"da96ac7\" data-element_type=\"section\">\n\t\t\t\t\t\t<div class=\"elementor-container elementor-column-gap-default\">\n\t\t\t\t\t<div class=\"elementor-column elementor-col-100 elementor-top-column elementor-element elementor-element-905817b\" data-id=\"905817b\" data-element_type=\"column\">\n\t\t\t<div class=\"elementor-widget-wrap elementor-element-populated\">\n\t\t\t\t\t\t\t\t<div class=\"elementor-element elementor-element-b06059f elementor-widget elementor-widget-text-editor\" data-id=\"b06059f\" data-element_type=\"widget\" data-widget_type=\"text-editor.default\">\n\t\t\t\t<div class=\"elementor-widget-container\">\n\t\t\t\t\t\t\t<p><strong>Cr\u00e9neau des rendez-vous personnalis\u00e9s<\/strong> :<\/p>\n<ul>\n<li>soit les mardi ou jeudi entre 10h00 et 13h00 avec C\u00e9line, assistante administrative du CCFI<\/li>\n<li>soit les mardi ou jeudi avec un administrateur ou un b\u00e9n\u00e9vole du CCFI\u00a0<\/li>\n<\/ul>\n<p>En fonction de vos disponibilit\u00e9s,\u00a0 r\u00e9servez en cliquant sur ce lien : <span style=\"text-decoration: underline;\"><span style=\"color: #0000ff;\"><a style=\"color: #0000ff; text-decoration: underline;\" href=\"https:\/\/calendly.com\/rdv-ccfi-nantes\/inscriptions-informations\" target=\"_blank\" rel=\"noopener\">je prends RDV ici<\/a><\/span><\/span><\/p>\t\t\t\t\t\t<\/div>\n\t\t\t\t<\/div>\n\t\t\t\t\t<\/div>\n\t\t<\/div>\n\t\t\t\t\t\t\t<\/div>\n\t\t<\/section>\n\t\t\t\t<section class=\"elementor-section elementor-top-section elementor-element elementor-element-19f6c706 elementor-section-boxed elementor-section-height-default elementor-section-height-default\" data-id=\"19f6c706\" data-element_type=\"section\">\n\t\t\t\t\t\t<div class=\"elementor-container elementor-column-gap-default\">\n\t\t\t\t\t<div class=\"elementor-column elementor-col-100 elementor-top-column elementor-element elementor-element-7b03236\" data-id=\"7b03236\" data-element_type=\"column\">\n\t\t\t<div class=\"elementor-widget-wrap elementor-element-populated\">\n\t\t\t\t\t\t\t\t<div class=\"elementor-element elementor-element-22ca068d elementor-widget elementor-widget-text-editor\" data-id=\"22ca068d\" data-element_type=\"widget\" data-widget_type=\"text-editor.default\">\n\t\t\t\t<div class=\"elementor-widget-container\">\n\t\t\t\t\t\t\t<p><!-- wp:paragraph --><\/p>\n<p><span style=\"color: #000000;\"><span style=\"color: #ff0000;\"><span style=\"color: #000000;\">Cours en pr\u00e9sentiel (Ile de Nantes, locaux Europa Nantes ou Universit\u00e9 Permanente),<span style=\"text-decoration: underline;\">\u00a0possibilit\u00e9 d<\/span><\/span><\/span><\/span><span style=\"text-decoration: underline;\"><span style=\"color: #000000; text-decoration: underline;\">e cours en visio-conf\u00e9rence<\/span><\/span><\/p>\n<ul>\n<li><strong><span style=\"color: #ff0000;\">La fiche d&rsquo;inscriptions des activit\u00e9s\/cours saison 2024\/2025<\/span>\u00a0<\/strong>: <span style=\"text-decoration: underline;\"><span style=\"color: #0000ff; text-decoration: underline;\"><a style=\"color: #0000ff; text-decoration: underline;\" href=\"https:\/\/ccfi-nantes.org\/wp-content\/uploads\/2024\/06\/1.-FI-24-25-CC_CO.V4-pdf.pdf\" target=\"_blank\" rel=\"noopener\">Cliquez ici pour acc\u00e9der \u00e0 la fiche d&rsquo;inscription<\/a><\/span><\/span><\/li>\n<li><strong><span style=\"color: #ff0000;\">La fiche d&rsquo;inscriptions cours A2\u00a0 en visio 1er semestre 2024 : <\/span><\/strong><span style=\"color: #ff0000;\"><span style=\"text-decoration: underline; color: #0000ff;\"><a style=\"color: #0000ff;\" href=\"https:\/\/ccfi-nantes.org\/wp-content\/uploads\/2024\/06\/4.-FI-2024_09-SR-A2-v-pdf-ok.pdf\" target=\"_blank\" rel=\"noopener\">cliquez ici pour acc\u00e9der \u00e0 la fiche d&rsquo;inscription<\/a><\/span><\/span><\/li>\n<li><strong>Renseignements et inscription\u00a0 ccfinantes44@gmailcom\/02 40 35 83 20.<\/strong><\/li>\n<\/ul>\n<p>L\u2019adh\u00e9sion au CCFI est obligatoire pour participer aux cours.<\/p>\n<p>Nota :<\/p>\n<p><strong><span style=\"color: #ff0000;\">Dans le cas o\u00f9 le cours souhait\u00e9 est d\u00e9j\u00e0 complet, n\u2019h\u00e9sitez pas \u00e0 contacter le CCFI afin qu\u2019un d\u00e9doublement puisse \u00eatre \u00e9tudi\u00e9\u00a0<\/span><\/strong><\/p>\n<p>Le CCFI se r\u00e9serve le droit d\u2019annuler les cours dont les effectifs sont insuffisants jusqu\u2019au jour qui pr\u00e9c\u00e8de le d\u00e9but du cycle.\u00a0<\/p>\n<p><!-- \/wp:paragraph --><\/p>\t\t\t\t\t\t<\/div>\n\t\t\t\t<\/div>\n\t\t\t\t\t<\/div>\n\t\t<\/div>\n\t\t\t\t\t\t\t<\/div>\n\t\t<\/section>\n\t\t\t\t\t\t\t<\/div>\n\t\t","protected":false},"excerpt":{"rendered":"<p> [&#8230;]<\/p>\n","protected":false},"author":1,"featured_media":0,"parent":0,"menu_order":0,"comment_status":"closed","ping_status":"closed","template":"","meta":{"footnotes":""},"class_list":["post-496","page","type-page","status-publish","hentry"],"_links":{"self":[{"href":"https:\/\/sitetest.ccfi-nantes.org\/index.php?rest_route=\/wp\/v2\/pages\/496","targetHints":{"allow":["GET"]}}],"collection":[{"href":"https:\/\/sitetest.ccfi-nantes.org\/index.php?rest_route=\/wp\/v2\/pages"}],"about":[{"href":"https:\/\/sitetest.ccfi-nantes.org\/index.php?rest_route=\/wp\/v2\/types\/page"}],"author":[{"embeddable":true,"href":"https:\/\/sitetest.ccfi-nantes.org\/index.php?rest_route=\/wp\/v2\/users\/1"}],"replies":[{"embeddable":true,"href":"https:\/\/sitetest.ccfi-nantes.org\/index.php?rest_route=%2Fwp%2Fv2%2Fcomments&post=496"}],"version-history":[{"count":160,"href":"https:\/\/sitetest.ccfi-nantes.org\/index.php?rest_route=\/wp\/v2\/pages\/496\/revisions"}],"predecessor-version":[{"id":19361,"href":"https:\/\/sitetest.ccfi-nantes.org\/index.php?rest_route=\/wp\/v2\/pages\/496\/revisions\/19361"}],"wp:attachment":[{"href":"https:\/\/sitetest.ccfi-nantes.org\/index.php?rest_route=%2Fwp%2Fv2%2Fmedia&parent=496"}],"curies":[{"name":"wp","href":"https:\/\/api.w.org\/{rel}","templated":true}]}}