{"id":499,"date":"2019-08-16T22:01:11","date_gmt":"2019-08-16T20:01:11","guid":{"rendered":"https:\/\/ccfi-nantes.org\/?page_id=499"},"modified":"2024-06-18T15:50:21","modified_gmt":"2024-06-18T13:50:21","slug":"apprendre-litalien","status":"publish","type":"page","link":"https:\/\/sitetest.ccfi-nantes.org\/?page_id=499","title":{"rendered":"Apprendre"},"content":{"rendered":"\t\t<div data-elementor-type=\"wp-post\" data-elementor-id=\"499\" class=\"elementor elementor-499\">\n\t\t\t\t\t\t\t\t\t<section class=\"elementor-section elementor-top-section elementor-element elementor-element-495f70db elementor-section-boxed elementor-section-height-default elementor-section-height-default\" data-id=\"495f70db\" data-element_type=\"section\">\n\t\t\t\t\t\t<div class=\"elementor-container elementor-column-gap-default\">\n\t\t\t\t\t<div class=\"elementor-column elementor-col-100 elementor-top-column elementor-element elementor-element-3f8826d7\" data-id=\"3f8826d7\" data-element_type=\"column\">\n\t\t\t<div class=\"elementor-widget-wrap elementor-element-populated\">\n\t\t\t\t\t\t\t\t<div class=\"elementor-element elementor-element-cd0532d elementor-widget elementor-widget-text-editor\" data-id=\"cd0532d\" data-element_type=\"widget\" data-widget_type=\"text-editor.default\">\n\t\t\t\t<div class=\"elementor-widget-container\">\n\t\t\t<style>\/*! elementor - v3.16.0 - 13-09-2023 *\/\n.elementor-widget-text-editor.elementor-drop-cap-view-stacked .elementor-drop-cap{background-color:#69727d;color:#fff}.elementor-widget-text-editor.elementor-drop-cap-view-framed .elementor-drop-cap{color:#69727d;border:3px solid;background-color:transparent}.elementor-widget-text-editor:not(.elementor-drop-cap-view-default) .elementor-drop-cap{margin-top:8px}.elementor-widget-text-editor:not(.elementor-drop-cap-view-default) .elementor-drop-cap-letter{width:1em;height:1em}.elementor-widget-text-editor .elementor-drop-cap{float:left;text-align:center;line-height:1;font-size:50px}.elementor-widget-text-editor .elementor-drop-cap-letter{display:inline-block}<\/style>\t\t\t\t<p><!-- wp:paragraph --><\/p>\n<p><!-- \/wp:paragraph --><!-- wp:paragraph --><!-- \/wp:paragraph --><!-- wp:paragraph --><\/p>\n<div><span style=\"font-family: Roboto, sans-serif;\">Le CCFI &nbsp;vous propose :<\/span><\/div>\n<div>\n<ul>\n<li><span style=\"font-family: Roboto, sans-serif;\">des cours d&rsquo;italien sur 6 niveaux, de d\u00e9butant \u00e0 autonome, selon le&nbsp;<\/span><strong>C<\/strong><span style=\"font-family: Roboto, sans-serif;\">adre&nbsp;<\/span><strong>E<\/strong><span style=\"font-family: Roboto, sans-serif;\">urop\u00e9en&nbsp;<\/span><strong>C<\/strong><span style=\"font-family: Roboto, sans-serif;\">ommun de&nbsp;<\/span><strong>R<\/strong><span style=\"font-family: Roboto, sans-serif;\">\u00e9f\u00e9rence pour les&nbsp;<\/span><strong>L<\/strong><span style=\"font-family: Roboto, sans-serif;\">angues du&nbsp;<\/span><strong>C<\/strong><span style=\"font-family: Roboto, sans-serif;\">onseil de l\u2019<\/span><strong>E<\/strong><span style=\"font-family: Roboto, sans-serif;\">urope (CERCL)&nbsp;<\/span><\/li>\n<li>dispens\u00e9s par des enseignants exp\u00e9riment\u00e9s de langue maternelle italienne<\/li>\n<li><span style=\"color: #7a7a7a; font-family: Roboto, sans-serif;\">effectu\u00e9s en petits groupes<\/span><\/li>\n<\/ul>\n<\/div>\n<p><!-- \/wp:table --><\/p>\t\t\t\t\t\t<\/div>\n\t\t\t\t<\/div>\n\t\t\t\t\t<\/div>\n\t\t<\/div>\n\t\t\t\t\t\t\t<\/div>\n\t\t<\/section>\n\t\t\t\t<section class=\"elementor-section elementor-top-section elementor-element elementor-element-8dc70a7 elementor-section-boxed elementor-section-height-default elementor-section-height-default\" data-id=\"8dc70a7\" data-element_type=\"section\">\n\t\t\t\t\t\t<div class=\"elementor-container elementor-column-gap-default\">\n\t\t\t\t\t<div class=\"elementor-column elementor-col-100 elementor-top-column elementor-element elementor-element-2364827\" data-id=\"2364827\" data-element_type=\"column\">\n\t\t\t<div class=\"elementor-widget-wrap elementor-element-populated\">\n\t\t\t\t\t\t\t\t<div class=\"elementor-element elementor-element-d3fd563 elementor-widget elementor-widget-text-editor\" data-id=\"d3fd563\" data-element_type=\"widget\" data-widget_type=\"text-editor.default\">\n\t\t\t\t<div class=\"elementor-widget-container\">\n\t\t\t\t\t\t\t<p>Cliquez sur l&rsquo;image pour l&rsquo;agrandir<\/p>\t\t\t\t\t\t<\/div>\n\t\t\t\t<\/div>\n\t\t\t\t<div class=\"elementor-element elementor-element-b3efce5 elementor-widget elementor-widget-image\" data-id=\"b3efce5\" data-element_type=\"widget\" data-widget_type=\"image.default\">\n\t\t\t\t<div class=\"elementor-widget-container\">\n\t\t\t<style>\/*! elementor - v3.16.0 - 13-09-2023 *\/\n.elementor-widget-image{text-align:center}.elementor-widget-image a{display:inline-block}.elementor-widget-image a img[src$=\".svg\"]{width:48px}.elementor-widget-image img{vertical-align:middle;display:inline-block}<\/style>\t\t\t\t\t\t\t\t\t\t\t\t\t<a href=\"https:\/\/ccfi-nantes.org\/wp-content\/uploads\/2023\/06\/CECRL_2023_05-APPRENTISSAGE-DE-LITALIEN-_-GRILLE-PAR-NIVEAUX-pdf-1.pdf\" target=\"_blank\">\n\t\t\t\t\t\t\t<img loading=\"lazy\" decoding=\"async\" width=\"860\" height=\"517\" src=\"https:\/\/sitetest.ccfi-nantes.org\/wp-content\/uploads\/2023\/06\/CECRL_2023_05-APPRENTISSAGE-DE-LITALIEN-_-GRILLE-PAR-NIVEAUX-pdf-1-1024x616.jpg\" class=\"attachment-large size-large wp-image-17568\" alt=\"\" srcset=\"https:\/\/sitetest.ccfi-nantes.org\/wp-content\/uploads\/2023\/06\/CECRL_2023_05-APPRENTISSAGE-DE-LITALIEN-_-GRILLE-PAR-NIVEAUX-pdf-1-1024x616.jpg 1024w, https:\/\/sitetest.ccfi-nantes.org\/wp-content\/uploads\/2023\/06\/CECRL_2023_05-APPRENTISSAGE-DE-LITALIEN-_-GRILLE-PAR-NIVEAUX-pdf-1-459x276.jpg 459w, https:\/\/sitetest.ccfi-nantes.org\/wp-content\/uploads\/2023\/06\/CECRL_2023_05-APPRENTISSAGE-DE-LITALIEN-_-GRILLE-PAR-NIVEAUX-pdf-1-250x150.jpg 250w, https:\/\/sitetest.ccfi-nantes.org\/wp-content\/uploads\/2023\/06\/CECRL_2023_05-APPRENTISSAGE-DE-LITALIEN-_-GRILLE-PAR-NIVEAUX-pdf-1-768x462.jpg 768w, https:\/\/sitetest.ccfi-nantes.org\/wp-content\/uploads\/2023\/06\/CECRL_2023_05-APPRENTISSAGE-DE-LITALIEN-_-GRILLE-PAR-NIVEAUX-pdf-1-1536x924.jpg 1536w, https:\/\/sitetest.ccfi-nantes.org\/wp-content\/uploads\/2023\/06\/CECRL_2023_05-APPRENTISSAGE-DE-LITALIEN-_-GRILLE-PAR-NIVEAUX-pdf-1-2048x1232.jpg 2048w, https:\/\/sitetest.ccfi-nantes.org\/wp-content\/uploads\/2023\/06\/CECRL_2023_05-APPRENTISSAGE-DE-LITALIEN-_-GRILLE-PAR-NIVEAUX-pdf-1-500x300.jpg 500w\" sizes=\"auto, (max-width: 860px) 100vw, 860px\" \/>\t\t\t\t\t\t\t\t<\/a>\n\t\t\t\t\t\t\t\t\t\t\t\t\t\t\t<\/div>\n\t\t\t\t<\/div>\n\t\t\t\t\t<\/div>\n\t\t<\/div>\n\t\t\t\t\t\t\t<\/div>\n\t\t<\/section>\n\t\t\t\t<section class=\"elementor-section elementor-top-section elementor-element elementor-element-d64aea6 elementor-section-boxed elementor-section-height-default elementor-section-height-default\" data-id=\"d64aea6\" data-element_type=\"section\">\n\t\t\t\t\t\t<div class=\"elementor-container elementor-column-gap-default\">\n\t\t\t\t\t<div class=\"elementor-column elementor-col-100 elementor-top-column elementor-element elementor-element-b0d1fcf\" data-id=\"b0d1fcf\" data-element_type=\"column\">\n\t\t\t<div class=\"elementor-widget-wrap elementor-element-populated\">\n\t\t\t\t\t\t\t\t<div class=\"elementor-element elementor-element-bcb5b1c elementor-widget elementor-widget-heading\" data-id=\"bcb5b1c\" data-element_type=\"widget\" data-widget_type=\"heading.default\">\n\t\t\t\t<div class=\"elementor-widget-container\">\n\t\t\t<style>\/*! elementor - v3.16.0 - 13-09-2023 *\/\n.elementor-heading-title{padding:0;margin:0;line-height:1}.elementor-widget-heading .elementor-heading-title[class*=elementor-size-]>a{color:inherit;font-size:inherit;line-height:inherit}.elementor-widget-heading .elementor-heading-title.elementor-size-small{font-size:15px}.elementor-widget-heading .elementor-heading-title.elementor-size-medium{font-size:19px}.elementor-widget-heading .elementor-heading-title.elementor-size-large{font-size:29px}.elementor-widget-heading .elementor-heading-title.elementor-size-xl{font-size:39px}.elementor-widget-heading .elementor-heading-title.elementor-size-xxl{font-size:59px}<\/style><h5 class=\"elementor-heading-title elementor-size-default\">S'auto\u00e9valuer avec le questionnaire en ligne \nde l'Istituto Italiano di Cultura de Strasbourg<\/h5>\t\t<\/div>\n\t\t\t\t<\/div>\n\t\t\t\t\t<\/div>\n\t\t<\/div>\n\t\t\t\t\t\t\t<\/div>\n\t\t<\/section>\n\t\t\t\t<section class=\"elementor-section elementor-top-section elementor-element elementor-element-786e373 elementor-section-boxed elementor-section-height-default elementor-section-height-default\" data-id=\"786e373\" data-element_type=\"section\">\n\t\t\t\t\t\t<div class=\"elementor-container elementor-column-gap-default\">\n\t\t\t\t\t<div class=\"elementor-column elementor-col-66 elementor-top-column elementor-element elementor-element-4aa577d\" data-id=\"4aa577d\" data-element_type=\"column\">\n\t\t\t<div class=\"elementor-widget-wrap elementor-element-populated\">\n\t\t\t\t\t\t\t\t<div class=\"elementor-element elementor-element-0b73d63 elementor-widget elementor-widget-text-editor\" data-id=\"0b73d63\" data-element_type=\"widget\" data-widget_type=\"text-editor.default\">\n\t\t\t\t<div class=\"elementor-widget-container\">\n\t\t\t\t\t\t\t<p>\u00a0<\/p>\n<p>QCM \u00e0 r\u00e9pondre en 20 minutes maximun<\/p>\n<p><strong>une rencontre avec une intervenante du CCFI, permettra de situer plus pr\u00e9cis\u00e9ment votre niveau<\/strong>.<\/p>\n<p><strong>Le CCFI remercie\u00a0l&rsquo;Istituto Italiano di Cultura de Strasbourg pour l&rsquo;utilisation gr\u00e2cieuse de son test de niveau en ligne.<\/strong><\/p>\t\t\t\t\t\t<\/div>\n\t\t\t\t<\/div>\n\t\t\t\t<div class=\"elementor-element elementor-element-f55cbfe elementor-widget elementor-widget-text-editor\" data-id=\"f55cbfe\" data-element_type=\"widget\" data-widget_type=\"text-editor.default\">\n\t\t\t\t<div class=\"elementor-widget-container\">\n\t\t\t\t\t\t\t<p>Cliquez sur l&rsquo;image pour lancer le test<\/p>\t\t\t\t\t\t<\/div>\n\t\t\t\t<\/div>\n\t\t\t\t\t<\/div>\n\t\t<\/div>\n\t\t\t\t<div class=\"elementor-column elementor-col-33 elementor-top-column elementor-element elementor-element-5a3818d\" data-id=\"5a3818d\" data-element_type=\"column\">\n\t\t\t<div class=\"elementor-widget-wrap elementor-element-populated\">\n\t\t\t\t\t\t\t\t<div class=\"elementor-element elementor-element-4bdeb1a elementor-widget elementor-widget-image\" data-id=\"4bdeb1a\" data-element_type=\"widget\" data-widget_type=\"image.default\">\n\t\t\t\t<div class=\"elementor-widget-container\">\n\t\t\t\t\t\t\t\t\t\t\t\t<figure class=\"wp-caption\">\n\t\t\t\t\t\t\t\t\t\t\t<a href=\"http:\/\/cours.iicstrasbourg.fr\/testLivello.php\">\n\t\t\t\t\t\t\t<img loading=\"lazy\" decoding=\"async\" width=\"241\" height=\"201\" src=\"https:\/\/sitetest.ccfi-nantes.org\/wp-content\/uploads\/2021\/06\/QCM.jpg\" class=\"attachment-large size-large wp-image-6838\" alt=\"\" srcset=\"https:\/\/sitetest.ccfi-nantes.org\/wp-content\/uploads\/2021\/06\/QCM.jpg 241w, https:\/\/sitetest.ccfi-nantes.org\/wp-content\/uploads\/2021\/06\/QCM-180x150.jpg 180w\" sizes=\"auto, (max-width: 241px) 100vw, 241px\" \/>\t\t\t\t\t\t\t\t<\/a>\n\t\t\t\t\t\t\t\t\t\t\t<figcaption class=\"widget-image-caption wp-caption-text\">copyright : \u00a9 S.Bacci - I.Borsato - M.Ferrari (Istituto Italiano di Cultura de Strasbourg)<\/figcaption>\n\t\t\t\t\t\t\t\t\t\t<\/figure>\n\t\t\t\t\t\t\t\t\t<\/div>\n\t\t\t\t<\/div>\n\t\t\t\t\t<\/div>\n\t\t<\/div>\n\t\t\t\t\t\t\t<\/div>\n\t\t<\/section>\n\t\t\t\t<section class=\"elementor-section elementor-top-section elementor-element elementor-element-88ba49d elementor-section-boxed elementor-section-height-default elementor-section-height-default\" data-id=\"88ba49d\" data-element_type=\"section\">\n\t\t\t\t\t\t<div class=\"elementor-container elementor-column-gap-default\">\n\t\t\t\t\t<div class=\"elementor-column elementor-col-100 elementor-top-column elementor-element elementor-element-509358a\" data-id=\"509358a\" data-element_type=\"column\">\n\t\t\t<div class=\"elementor-widget-wrap elementor-element-populated\">\n\t\t\t\t\t\t\t\t<div class=\"elementor-element elementor-element-c271889 elementor-widget elementor-widget-text-editor\" data-id=\"c271889\" data-element_type=\"widget\" data-widget_type=\"text-editor.default\">\n\t\t\t\t<div class=\"elementor-widget-container\">\n\t\t\t\t\t\t\t<h2 style=\"text-align: center;\"><strong><span style=\"color: #800000;\">COURS SAISON 2024-2025<\/span><\/strong><\/h2>\t\t\t\t\t\t<\/div>\n\t\t\t\t<\/div>\n\t\t\t\t\t<\/div>\n\t\t<\/div>\n\t\t\t\t\t\t\t<\/div>\n\t\t<\/section>\n\t\t\t\t<section class=\"elementor-section elementor-top-section elementor-element elementor-element-5513da6 elementor-section-boxed elementor-section-height-default elementor-section-height-default\" data-id=\"5513da6\" data-element_type=\"section\">\n\t\t\t\t\t\t<div class=\"elementor-container elementor-column-gap-default\">\n\t\t\t\t\t<div class=\"elementor-column elementor-col-100 elementor-top-column elementor-element elementor-element-c2483d2\" data-id=\"c2483d2\" data-element_type=\"column\">\n\t\t\t<div class=\"elementor-widget-wrap elementor-element-populated\">\n\t\t\t\t\t\t\t\t<div class=\"elementor-element elementor-element-9f0005d elementor-widget elementor-widget-image\" data-id=\"9f0005d\" data-element_type=\"widget\" data-widget_type=\"image.default\">\n\t\t\t\t<div class=\"elementor-widget-container\">\n\t\t\t\t\t\t\t\t\t\t\t\t\t\t\t<img loading=\"lazy\" decoding=\"async\" width=\"860\" height=\"533\" src=\"https:\/\/sitetest.ccfi-nantes.org\/wp-content\/uploads\/2024\/06\/1.-FI-24-25-CC_CO.V4-Image.jpg\" class=\"attachment-large size-large wp-image-19345\" alt=\"\" srcset=\"https:\/\/sitetest.ccfi-nantes.org\/wp-content\/uploads\/2024\/06\/1.-FI-24-25-CC_CO.V4-Image.jpg 1004w, https:\/\/sitetest.ccfi-nantes.org\/wp-content\/uploads\/2024\/06\/1.-FI-24-25-CC_CO.V4-Image-459x284.jpg 459w, https:\/\/sitetest.ccfi-nantes.org\/wp-content\/uploads\/2024\/06\/1.-FI-24-25-CC_CO.V4-Image-242x150.jpg 242w, https:\/\/sitetest.ccfi-nantes.org\/wp-content\/uploads\/2024\/06\/1.-FI-24-25-CC_CO.V4-Image-768x476.jpg 768w\" sizes=\"auto, (max-width: 860px) 100vw, 860px\" \/>\t\t\t\t\t\t\t\t\t\t\t\t\t\t\t<\/div>\n\t\t\t\t<\/div>\n\t\t\t\t<div class=\"elementor-element elementor-element-ce80073 elementor-widget elementor-widget-text-editor\" data-id=\"ce80073\" data-element_type=\"widget\" data-widget_type=\"text-editor.default\">\n\t\t\t\t<div class=\"elementor-widget-container\">\n\t\t\t\t\t\t\t<p><span style=\"color: #ff0000;\"><strong>Dans le cas o\u00f9 le cours souhait\u00e9 est d\u00e9j\u00e0 complet, n\u2019h\u00e9sitez pas \u00e0 contacter le CCFI afin qu\u2019un d\u00e9doublement puisse \u00eatre \u00e9tudi\u00e9\u00a0<\/strong><\/span><\/p>\t\t\t\t\t\t<\/div>\n\t\t\t\t<\/div>\n\t\t\t\t\t<\/div>\n\t\t<\/div>\n\t\t\t\t\t\t\t<\/div>\n\t\t<\/section>\n\t\t\t\t\t\t\t<\/div>\n\t\t","protected":false},"excerpt":{"rendered":"<p> [&#8230;]<\/p>\n","protected":false},"author":1,"featured_media":0,"parent":0,"menu_order":0,"comment_status":"closed","ping_status":"closed","template":"","meta":{"footnotes":""},"class_list":["post-499","page","type-page","status-publish","hentry"],"_links":{"self":[{"href":"https:\/\/sitetest.ccfi-nantes.org\/index.php?rest_route=\/wp\/v2\/pages\/499","targetHints":{"allow":["GET"]}}],"collection":[{"href":"https:\/\/sitetest.ccfi-nantes.org\/index.php?rest_route=\/wp\/v2\/pages"}],"about":[{"href":"https:\/\/sitetest.ccfi-nantes.org\/index.php?rest_route=\/wp\/v2\/types\/page"}],"author":[{"embeddable":true,"href":"https:\/\/sitetest.ccfi-nantes.org\/index.php?rest_route=\/wp\/v2\/users\/1"}],"replies":[{"embeddable":true,"href":"https:\/\/sitetest.ccfi-nantes.org\/index.php?rest_route=%2Fwp%2Fv2%2Fcomments&post=499"}],"version-history":[{"count":103,"href":"https:\/\/sitetest.ccfi-nantes.org\/index.php?rest_route=\/wp\/v2\/pages\/499\/revisions"}],"predecessor-version":[{"id":19348,"href":"https:\/\/sitetest.ccfi-nantes.org\/index.php?rest_route=\/wp\/v2\/pages\/499\/revisions\/19348"}],"wp:attachment":[{"href":"https:\/\/sitetest.ccfi-nantes.org\/index.php?rest_route=%2Fwp%2Fv2%2Fmedia&parent=499"}],"curies":[{"name":"wp","href":"https:\/\/api.w.org\/{rel}","templated":true}]}}