{"id":501,"date":"2019-08-16T22:01:31","date_gmt":"2019-08-16T20:01:31","guid":{"rendered":"https:\/\/ccfi-nantes.org\/?page_id=501"},"modified":"2024-06-18T16:29:32","modified_gmt":"2024-06-18T14:29:32","slug":"se-perfectionner-en-italien","status":"publish","type":"page","link":"https:\/\/sitetest.ccfi-nantes.org\/?page_id=501","title":{"rendered":"Se perfectionner &#8211; Modules de conversation g\u00e9n\u00e9rale"},"content":{"rendered":"\t\t<div data-elementor-type=\"wp-post\" data-elementor-id=\"501\" class=\"elementor elementor-501\">\n\t\t\t\t\t\t\t\t\t<section class=\"elementor-section elementor-top-section elementor-element elementor-element-1c2d985 elementor-section-boxed elementor-section-height-default elementor-section-height-default\" data-id=\"1c2d985\" data-element_type=\"section\">\n\t\t\t\t\t\t<div class=\"elementor-container elementor-column-gap-default\">\n\t\t\t\t\t<div class=\"elementor-column elementor-col-100 elementor-top-column elementor-element elementor-element-1154d07\" data-id=\"1154d07\" data-element_type=\"column\">\n\t\t\t<div class=\"elementor-widget-wrap elementor-element-populated\">\n\t\t\t\t\t\t\t\t<div class=\"elementor-element elementor-element-678af94 elementor-widget elementor-widget-text-editor\" data-id=\"678af94\" data-element_type=\"widget\" data-widget_type=\"text-editor.default\">\n\t\t\t\t<div class=\"elementor-widget-container\">\n\t\t\t<style>\/*! elementor - v3.16.0 - 13-09-2023 *\/\n.elementor-widget-text-editor.elementor-drop-cap-view-stacked .elementor-drop-cap{background-color:#69727d;color:#fff}.elementor-widget-text-editor.elementor-drop-cap-view-framed .elementor-drop-cap{color:#69727d;border:3px solid;background-color:transparent}.elementor-widget-text-editor:not(.elementor-drop-cap-view-default) .elementor-drop-cap{margin-top:8px}.elementor-widget-text-editor:not(.elementor-drop-cap-view-default) .elementor-drop-cap-letter{width:1em;height:1em}.elementor-widget-text-editor .elementor-drop-cap{float:left;text-align:center;line-height:1;font-size:50px}.elementor-widget-text-editor .elementor-drop-cap-letter{display:inline-block}<\/style>\t\t\t\t<h3 style=\"text-align: center;\"><strong><span style=\"color: #800000;\">Cours conversation saison 2024\/2025<\/span><\/strong><\/h3>\t\t\t\t\t\t<\/div>\n\t\t\t\t<\/div>\n\t\t\t\t\t<\/div>\n\t\t<\/div>\n\t\t\t\t\t\t\t<\/div>\n\t\t<\/section>\n\t\t\t\t<section class=\"elementor-section elementor-top-section elementor-element elementor-element-5c1c437 elementor-section-boxed elementor-section-height-default elementor-section-height-default\" data-id=\"5c1c437\" data-element_type=\"section\">\n\t\t\t\t\t\t<div class=\"elementor-container elementor-column-gap-default\">\n\t\t\t\t\t<div class=\"elementor-column elementor-col-100 elementor-top-column elementor-element elementor-element-0929d3f\" data-id=\"0929d3f\" data-element_type=\"column\">\n\t\t\t<div class=\"elementor-widget-wrap elementor-element-populated\">\n\t\t\t\t\t\t\t\t<div class=\"elementor-element elementor-element-37dcacc elementor-widget elementor-widget-text-editor\" data-id=\"37dcacc\" data-element_type=\"widget\" data-widget_type=\"text-editor.default\">\n\t\t\t\t<div class=\"elementor-widget-container\">\n\t\t\t\t\t\t\t<p>Ces cours permettent d\u2019approfondir et de perfectionner certains aspects linguistiques, de prendre de l\u2019aisance dans la pratique orale de la langue et d\u2019am\u00e9liorer sa connaissance de la culture italienne.<\/p>\n<p><!-- \/wp:paragraph --><!-- wp:paragraph --><\/p>\n<p>Ils sont accessibles \u00e0 partir d\u2019un niveau de comp\u00e9tences qui varie selon le cours.<\/p>\t\t\t\t\t\t<\/div>\n\t\t\t\t<\/div>\n\t\t\t\t\t<\/div>\n\t\t<\/div>\n\t\t\t\t\t\t\t<\/div>\n\t\t<\/section>\n\t\t\t\t<section class=\"elementor-section elementor-top-section elementor-element elementor-element-8986df2 elementor-section-boxed elementor-section-height-default elementor-section-height-default\" data-id=\"8986df2\" data-element_type=\"section\">\n\t\t\t\t\t\t<div class=\"elementor-container elementor-column-gap-default\">\n\t\t\t\t\t<div class=\"elementor-column elementor-col-100 elementor-top-column elementor-element elementor-element-bef8355\" data-id=\"bef8355\" data-element_type=\"column\">\n\t\t\t<div class=\"elementor-widget-wrap elementor-element-populated\">\n\t\t\t\t\t\t\t\t<div class=\"elementor-element elementor-element-f112179 elementor-widget elementor-widget-image\" data-id=\"f112179\" data-element_type=\"widget\" data-widget_type=\"image.default\">\n\t\t\t\t<div class=\"elementor-widget-container\">\n\t\t\t<style>\/*! elementor - v3.16.0 - 13-09-2023 *\/\n.elementor-widget-image{text-align:center}.elementor-widget-image a{display:inline-block}.elementor-widget-image a img[src$=\".svg\"]{width:48px}.elementor-widget-image img{vertical-align:middle;display:inline-block}<\/style>\t\t\t\t\t\t\t\t\t\t\t\t<img loading=\"lazy\" decoding=\"async\" width=\"860\" height=\"323\" src=\"https:\/\/sitetest.ccfi-nantes.org\/wp-content\/uploads\/2024\/06\/1.-FI-24-25-CC_CO.V4-pdf_Image-conversation.jpg\" class=\"attachment-large size-large wp-image-19350\" alt=\"\" srcset=\"https:\/\/sitetest.ccfi-nantes.org\/wp-content\/uploads\/2024\/06\/1.-FI-24-25-CC_CO.V4-pdf_Image-conversation.jpg 1006w, https:\/\/sitetest.ccfi-nantes.org\/wp-content\/uploads\/2024\/06\/1.-FI-24-25-CC_CO.V4-pdf_Image-conversation-459x172.jpg 459w, https:\/\/sitetest.ccfi-nantes.org\/wp-content\/uploads\/2024\/06\/1.-FI-24-25-CC_CO.V4-pdf_Image-conversation-250x94.jpg 250w, https:\/\/sitetest.ccfi-nantes.org\/wp-content\/uploads\/2024\/06\/1.-FI-24-25-CC_CO.V4-pdf_Image-conversation-768x289.jpg 768w\" sizes=\"auto, (max-width: 860px) 100vw, 860px\" \/>\t\t\t\t\t\t\t\t\t\t\t\t\t\t\t<\/div>\n\t\t\t\t<\/div>\n\t\t\t\t<div class=\"elementor-element elementor-element-4ef86c6 elementor-widget elementor-widget-text-editor\" data-id=\"4ef86c6\" data-element_type=\"widget\" data-widget_type=\"text-editor.default\">\n\t\t\t\t<div class=\"elementor-widget-container\">\n\t\t\t\t\t\t\t<p><span style=\"color: #ff0000;\"><strong>Dans le cas o\u00f9 le cours souhait\u00e9 est d\u00e9j\u00e0 complet, n\u2019h\u00e9sitez pas \u00e0 contacter le CCFI afin qu\u2019un d\u00e9doublement puisse \u00eatre \u00e9tudi\u00e9\u00a0<\/strong><\/span><\/p>\t\t\t\t\t\t<\/div>\n\t\t\t\t<\/div>\n\t\t\t\t\t<\/div>\n\t\t<\/div>\n\t\t\t\t\t\t\t<\/div>\n\t\t<\/section>\n\t\t\t\t<section class=\"elementor-section elementor-top-section elementor-element elementor-element-d39a7f8 elementor-section-boxed elementor-section-height-default elementor-section-height-default\" data-id=\"d39a7f8\" data-element_type=\"section\">\n\t\t\t\t\t\t<div class=\"elementor-container elementor-column-gap-default\">\n\t\t\t\t\t<div class=\"elementor-column elementor-col-100 elementor-top-column elementor-element elementor-element-3de3124\" data-id=\"3de3124\" data-element_type=\"column\">\n\t\t\t<div class=\"elementor-widget-wrap elementor-element-populated\">\n\t\t\t\t\t\t\t\t<div class=\"elementor-element elementor-element-60196f8 elementor-widget elementor-widget-text-editor\" data-id=\"60196f8\" data-element_type=\"widget\" data-widget_type=\"text-editor.default\">\n\t\t\t\t<div class=\"elementor-widget-container\">\n\t\t\t\t\t\t\t<h3 style=\"text-align: center;\"><strong><span style=\"color: #800000;\">Cours conversation\u00a0<\/span><\/strong><\/h3>\t\t\t\t\t\t<\/div>\n\t\t\t\t<\/div>\n\t\t\t\t\t<\/div>\n\t\t<\/div>\n\t\t\t\t\t\t\t<\/div>\n\t\t<\/section>\n\t\t\t\t<section class=\"elementor-section elementor-top-section elementor-element elementor-element-9095b70 elementor-section-boxed elementor-section-height-default elementor-section-height-default\" data-id=\"9095b70\" data-element_type=\"section\">\n\t\t\t\t\t\t<div class=\"elementor-container elementor-column-gap-default\">\n\t\t\t\t\t<div class=\"elementor-column elementor-col-100 elementor-top-column elementor-element elementor-element-0924167\" data-id=\"0924167\" data-element_type=\"column\">\n\t\t\t<div class=\"elementor-widget-wrap elementor-element-populated\">\n\t\t\t\t\t\t\t\t<div class=\"elementor-element elementor-element-ec67c80 elementor-widget elementor-widget-text-editor\" data-id=\"ec67c80\" data-element_type=\"widget\" data-widget_type=\"text-editor.default\">\n\t\t\t\t<div class=\"elementor-widget-container\">\n\t\t\t\t\t\t\t<p class=\"MsoNormal\"><span style=\"color: #000000;\"><b><span style=\"font-size: 12.0pt; line-height: 107%;\">Conversation A2<\/span><\/b><\/span><span style=\"font-size: 12.0pt; line-height: 107%;\"><span style=\"color: #000000;\">\u00a0:<\/span> le niveau d\u2019italien requis pour ce cours est le A2. <\/span><\/p>\n<p>Vous avez un niveau A2 ou vous avez d\u00e9j\u00e0 pris des cours d\u2019italien pendant au moins deux ans et vous n\u2019avez plus envie de continuer votre apprentissage en passant par un cours classique avec le manuel et la grammaire, car vous avez surtout envie de parler votre langue pr\u00e9f\u00e9r\u00e9e? Ce cours est fait pour vous! Il s\u2019agit d\u2019un cours de conversation guid\u00e9e o\u00f9 vous allez aborder des sujets concernant la vie quotidienne en passant par des exercices simples qui seront pour vous des points de d\u00e9part afin de d\u00e9velopper la conversation.<\/p>\n<p class=\"MsoNormal\"><span style=\"color: #000000;\"><b><span style=\"font-size: 12.0pt; line-height: 107%;\">Conversation<\/span><\/b><\/span><span style=\"font-size: 12.0pt; line-height: 107%;\"><span style=\"color: #000000;\"> <b>B1<\/b>\u00a0:<\/span> le niveau d\u2019italien requis pour ce cours est le B1.<\/span><\/p>\n<p>Votre niveau est le B1 ou vous avez d\u00e9j\u00e0 pris un cours de niveau B1 ou bien vous avez d\u00e9j\u00e0 pris un cours de conversation A2 et vous avez envie de continuer \u00e0 progresser \u00e0 l\u2019oral? Ce cours est fait pour vous! Vous allez pratiquer la conversation en italien \u00e0 l\u2019aide des supports authentiques et vari\u00e9s comme articles autour des sujets d\u2019actualit\u00e9s, extraits de livres, bandes dessin\u00e9es, sites internet, audios, vid\u00e9os.<\/p>\n<p class=\"MsoNormal\"><strong><span style=\"color: #000000;\"><span style=\"font-size: 12.0pt; line-height: 107%;\">\u00a0<\/span><span style=\"font-size: 12.0pt; line-height: 107%;\">Conversation B2\/C1<\/span><\/span><\/strong><span style=\"color: var( --e-global-color-text ); font-size: 12pt; line-height: 107%;\"><strong><span style=\"color: #000000;\">\u00a0:<\/span><\/strong> le niveau d\u2019italien requis pour ce cours est le B2 \u00e0 C1<\/span><\/p>\n<p>Votre niveau est le B2 ou vous avez d\u00e9j\u00e0 pris des cours de niveau B2 et vous avez envie de perfectionner ainsi que d\u2019entretenir votre capacit\u00e9 de dialoguer et de communiquer en italien\u00a0? Ce cours est pour vous! Vous allez pouvoir vous exprimer autour de sujets diff\u00e9rents concernant l\u2019actualit\u00e9, la litt\u00e9rature, le cin\u00e9ma, la musique, l\u2019art etc. Ps\u00a0: N\u2019h\u00e9sitez pas \u00e0 proposer des sujets qui vous int\u00e9ressent particuli\u00e8rement, votre enseignante sera ravie de les approfondir avec vous!<\/p>\n<p class=\"MsoNormal\"><span style=\"color: #000000;\"><b><span style=\"font-size: 12.0pt; line-height: 107%;\">Conversation C2<\/span><\/b><\/span><span style=\"font-size: 12.0pt; line-height: 107%;\"><span style=\"color: #000000;\">\u00a0:<\/span> le niveau d\u2019italien requis pour ce cours est le C1 \u00e0 C2<\/span><\/p>\n<p>Vous avez un niveau d\u2019italien exp\u00e9riment\u00e9, vous avez envie de garder votre niveau ainsi que d\u2019approfondir des curiosit\u00e9s et des subtilit\u00e9s de la langue en la pratiquant \u00e0 l\u2019oral ? Ce cours est pour vous ! Vous allez pouvoir vous exprimer spontan\u00e9ment et couramment autour de sujets complexes concernant notamment l\u2019actualit\u00e9 et la culture.<\/p>\n<p class=\"MsoNormal\"><span style=\"color: #000000;\"><b><span style=\"font-size: 12.0pt; line-height: 107%;\">Perfezionamento<\/span><\/b><\/span><span style=\"font-size: 12.0pt; line-height: 107%;\"><span style=\"color: #000000;\">\u00a0:<\/span> le niveau d\u2019italien requis pour ce cours est le B2.<\/span><\/p>\n<p>Votre niveau est le B2, ou vous avez d\u00e9j\u00e0 pris des cours de niveau B2 et vous avez envie de perfectionner ainsi que d\u2019entretenir votre capacit\u00e9 de dialoguer et de communiquer en italien\u00a0? Ce cours est pour vous! Mais&#8230;quelle est la diff\u00e9rence par rapport au cours de Conversation B2\/C1\u00a0? La diff\u00e9rence se r\u00e9sume avec un mot magique\u00a0:\u00a0GRAMMAIRE\u00a0! Vous allez pouvoir vous exprimer par rapport \u00e0 des sujets vari\u00e9s aussi bien que r\u00e9viser des sujets de grammaire plus complexes \u00e0 travers des exercices. Ps: Pour ce cours il y a la possibilit\u00e9 d\u2019utiliser un manuel en fonction des souhaits du groupe.<\/p>\n<p>\u00a0<\/p>\n<p><strong>Pour \u00eatre s\u00fbrs de votre niveau, n\u2019h\u00e9sitez pas \u00e0 faire un test de niveau avec les intervenants.es du CCFI.<\/strong><\/p>\t\t\t\t\t\t<\/div>\n\t\t\t\t<\/div>\n\t\t\t\t\t<\/div>\n\t\t<\/div>\n\t\t\t\t\t\t\t<\/div>\n\t\t<\/section>\n\t\t\t\t\t\t\t<\/div>\n\t\t","protected":false},"excerpt":{"rendered":"<p> [&#8230;]<\/p>\n","protected":false},"author":1,"featured_media":0,"parent":0,"menu_order":0,"comment_status":"closed","ping_status":"closed","template":"","meta":{"footnotes":""},"class_list":["post-501","page","type-page","status-publish","hentry"],"_links":{"self":[{"href":"https:\/\/sitetest.ccfi-nantes.org\/index.php?rest_route=\/wp\/v2\/pages\/501","targetHints":{"allow":["GET"]}}],"collection":[{"href":"https:\/\/sitetest.ccfi-nantes.org\/index.php?rest_route=\/wp\/v2\/pages"}],"about":[{"href":"https:\/\/sitetest.ccfi-nantes.org\/index.php?rest_route=\/wp\/v2\/types\/page"}],"author":[{"embeddable":true,"href":"https:\/\/sitetest.ccfi-nantes.org\/index.php?rest_route=\/wp\/v2\/users\/1"}],"replies":[{"embeddable":true,"href":"https:\/\/sitetest.ccfi-nantes.org\/index.php?rest_route=%2Fwp%2Fv2%2Fcomments&post=501"}],"version-history":[{"count":86,"href":"https:\/\/sitetest.ccfi-nantes.org\/index.php?rest_route=\/wp\/v2\/pages\/501\/revisions"}],"predecessor-version":[{"id":19356,"href":"https:\/\/sitetest.ccfi-nantes.org\/index.php?rest_route=\/wp\/v2\/pages\/501\/revisions\/19356"}],"wp:attachment":[{"href":"https:\/\/sitetest.ccfi-nantes.org\/index.php?rest_route=%2Fwp%2Fv2%2Fmedia&parent=501"}],"curies":[{"name":"wp","href":"https:\/\/api.w.org\/{rel}","templated":true}]}}