{"id":503,"date":"2019-08-16T22:01:44","date_gmt":"2019-08-16T20:01:44","guid":{"rendered":"https:\/\/ccfi-nantes.org\/?page_id=503"},"modified":"2023-09-09T16:48:03","modified_gmt":"2023-09-09T14:48:03","slug":"pratiquer-litalien","status":"publish","type":"page","link":"https:\/\/sitetest.ccfi-nantes.org\/?page_id=503","title":{"rendered":"Pratiquer &#8211; Modules th\u00e9matiques"},"content":{"rendered":"\t\t<div data-elementor-type=\"wp-post\" data-elementor-id=\"503\" class=\"elementor elementor-503\">\n\t\t\t\t\t\t\t\t\t<section class=\"elementor-section elementor-top-section elementor-element elementor-element-7925a44 elementor-section-boxed elementor-section-height-default elementor-section-height-default\" data-id=\"7925a44\" data-element_type=\"section\">\n\t\t\t\t\t\t<div class=\"elementor-container elementor-column-gap-default\">\n\t\t\t\t\t<div class=\"elementor-column elementor-col-100 elementor-top-column elementor-element elementor-element-8e431d6\" data-id=\"8e431d6\" data-element_type=\"column\">\n\t\t\t<div class=\"elementor-widget-wrap elementor-element-populated\">\n\t\t\t\t\t\t\t\t<div class=\"elementor-element elementor-element-e5ff0ec elementor-widget elementor-widget-text-editor\" data-id=\"e5ff0ec\" data-element_type=\"widget\" data-widget_type=\"text-editor.default\">\n\t\t\t\t<div class=\"elementor-widget-container\">\n\t\t\t<style>\/*! elementor - v3.16.0 - 13-09-2023 *\/\n.elementor-widget-text-editor.elementor-drop-cap-view-stacked .elementor-drop-cap{background-color:#69727d;color:#fff}.elementor-widget-text-editor.elementor-drop-cap-view-framed .elementor-drop-cap{color:#69727d;border:3px solid;background-color:transparent}.elementor-widget-text-editor:not(.elementor-drop-cap-view-default) .elementor-drop-cap{margin-top:8px}.elementor-widget-text-editor:not(.elementor-drop-cap-view-default) .elementor-drop-cap-letter{width:1em;height:1em}.elementor-widget-text-editor .elementor-drop-cap{float:left;text-align:center;line-height:1;font-size:50px}.elementor-widget-text-editor .elementor-drop-cap-letter{display:inline-block}<\/style>\t\t\t\t<p>Ces modules, accessibles \u00e0 partir du niveau B1, permettent de continuer l\u2019apprentissage de la langue italienne en proposant une approche plus th\u00e9matique\u00a0: le chant, l\u2019architecture, la presse, la litt\u00e9rature ou les diff\u00e9rences r\u00e9gionales.<\/p>\t\t\t\t\t\t<\/div>\n\t\t\t\t<\/div>\n\t\t\t\t\t<\/div>\n\t\t<\/div>\n\t\t\t\t\t\t\t<\/div>\n\t\t<\/section>\n\t\t\t\t<section class=\"elementor-section elementor-top-section elementor-element elementor-element-5078f1d elementor-section-boxed elementor-section-height-default elementor-section-height-default\" data-id=\"5078f1d\" data-element_type=\"section\">\n\t\t\t\t\t\t<div class=\"elementor-container elementor-column-gap-default\">\n\t\t\t\t\t<div class=\"elementor-column elementor-col-100 elementor-top-column elementor-element elementor-element-1855eb6\" data-id=\"1855eb6\" data-element_type=\"column\">\n\t\t\t<div class=\"elementor-widget-wrap elementor-element-populated\">\n\t\t\t\t\t\t\t\t<div class=\"elementor-element elementor-element-19c067ec elementor-widget elementor-widget-text-editor\" data-id=\"19c067ec\" data-element_type=\"widget\" data-widget_type=\"text-editor.default\">\n\t\t\t\t<div class=\"elementor-widget-container\">\n\t\t\t\t\t\t\t<p><!-- wp:paragraph --><\/p>\n<h3 style=\"text-align: center;\"><span style=\"color: #800000;\"><strong>Saison 2023\/2024<\/strong><\/span><\/h3>\n<p><!-- \/wp:paragraph --><!-- wp:separator --><\/p>\n<hr class=\"wp-block-separator\" \/>\n<p><!-- \/wp:separator --><!-- wp:paragraph --><\/p>\n<p><!-- \/wp:separator --><!-- wp:paragraph --><\/p>\n<p><strong>Ridere et giocare con le parole !<b><span style=\"color: #0000cd;\"><span style=\"font-family: Arial, sans-serif;\"><span style=\"font-size: small;\">\u00a0<\/span><\/span><\/span><\/b><\/strong><\/p>\n<p style=\"padding-left: 40px;\"><strong>Niveau requis B1\/B2 , a<\/strong><strong>nim\u00e9 par Barbara Gulminelli, journaliste et \u00e9crivaine<\/strong><\/p>\n<p style=\"padding-left: 40px;\"><strong>Objectif :<\/strong> Objectif: pratiquer l&rsquo;italien d&rsquo;aujourd&rsquo;hui, en s&rsquo;amusant.<\/p>\n<p style=\"padding-left: 40px;\"><strong>M\u00e9thode\u00a0:<\/strong> Animer des discussions \u00e0 partir de br\u00e8ves \u00a0vid\u00e9os ou d&rsquo;autres creations humoristiques, ainsi que de jeux de mots ou devinettes. Proposer, de fa\u00e7on ponctuelle aussi des jeux bas\u00e9s sur la lecture et l\u2019\u00e9criture.3<\/p>\n<p><!-- \/wp:separator --><!-- wp:paragraph --><\/p>\n<p><!-- \/wp:paragraph --><!-- wp:paragraph --><\/p>\n<p><!-- \/wp:paragraph --><!-- wp:paragraph --><\/p>\n<p><!-- \/wp:paragraph --><!-- wp:paragraph --><\/p>\n<p><!-- \/wp:paragraph --><!-- wp:paragraph --><\/p>\n<p><!-- \/wp:paragraph --><!-- wp:paragraph --><\/p>\n<p><!-- \/wp:paragraph --><!-- wp:paragraph --><\/p>\n<p><!-- \/wp:paragraph --><\/p>\t\t\t\t\t\t<\/div>\n\t\t\t\t<\/div>\n\t\t\t\t\t<\/div>\n\t\t<\/div>\n\t\t\t\t\t\t\t<\/div>\n\t\t<\/section>\n\t\t\t\t<section class=\"elementor-section elementor-top-section elementor-element elementor-element-24fe815 elementor-section-boxed elementor-section-height-default elementor-section-height-default\" data-id=\"24fe815\" data-element_type=\"section\">\n\t\t\t\t\t\t<div class=\"elementor-container elementor-column-gap-default\">\n\t\t\t\t\t<div class=\"elementor-column elementor-col-100 elementor-top-column elementor-element elementor-element-e398ac6\" data-id=\"e398ac6\" data-element_type=\"column\">\n\t\t\t<div class=\"elementor-widget-wrap elementor-element-populated\">\n\t\t\t\t\t\t\t\t<div class=\"elementor-element elementor-element-ec06aaf elementor-widget elementor-widget-image\" data-id=\"ec06aaf\" data-element_type=\"widget\" data-widget_type=\"image.default\">\n\t\t\t\t<div class=\"elementor-widget-container\">\n\t\t\t<style>\/*! elementor - v3.16.0 - 13-09-2023 *\/\n.elementor-widget-image{text-align:center}.elementor-widget-image a{display:inline-block}.elementor-widget-image a img[src$=\".svg\"]{width:48px}.elementor-widget-image img{vertical-align:middle;display:inline-block}<\/style>\t\t\t\t\t\t\t\t\t\t\t\t<img loading=\"lazy\" decoding=\"async\" width=\"860\" height=\"162\" src=\"https:\/\/sitetest.ccfi-nantes.org\/wp-content\/uploads\/2023\/09\/giocare.jpg\" class=\"attachment-large size-large wp-image-18075\" alt=\"\" srcset=\"https:\/\/sitetest.ccfi-nantes.org\/wp-content\/uploads\/2023\/09\/giocare.jpg 966w, https:\/\/sitetest.ccfi-nantes.org\/wp-content\/uploads\/2023\/09\/giocare-459x86.jpg 459w, https:\/\/sitetest.ccfi-nantes.org\/wp-content\/uploads\/2023\/09\/giocare-250x47.jpg 250w, https:\/\/sitetest.ccfi-nantes.org\/wp-content\/uploads\/2023\/09\/giocare-768x145.jpg 768w\" sizes=\"auto, (max-width: 860px) 100vw, 860px\" \/>\t\t\t\t\t\t\t\t\t\t\t\t\t\t\t<\/div>\n\t\t\t\t<\/div>\n\t\t\t\t\t<\/div>\n\t\t<\/div>\n\t\t\t\t\t\t\t<\/div>\n\t\t<\/section>\n\t\t\t\t<section class=\"elementor-section elementor-top-section elementor-element elementor-element-486cdbe1 elementor-section-boxed elementor-section-height-default elementor-section-height-default\" data-id=\"486cdbe1\" data-element_type=\"section\">\n\t\t\t\t\t\t<div class=\"elementor-container elementor-column-gap-default\">\n\t\t\t\t\t<div class=\"elementor-column elementor-col-100 elementor-top-column elementor-element elementor-element-454ddbf5\" data-id=\"454ddbf5\" data-element_type=\"column\">\n\t\t\t<div class=\"elementor-widget-wrap elementor-element-populated\">\n\t\t\t\t\t\t\t\t<div class=\"elementor-element elementor-element-fd4858b elementor-widget elementor-widget-text-editor\" data-id=\"fd4858b\" data-element_type=\"widget\" data-widget_type=\"text-editor.default\">\n\t\t\t\t<div class=\"elementor-widget-container\">\n\t\t\t\t\t\t\t<p><!-- wp:paragraph --><\/p>\n<h3 style=\"text-align: center;\"><span style=\"color: #800000;\"><strong>Saison 2022\/2023<\/strong><\/span><\/h3>\n<p><!-- \/wp:paragraph --><!-- wp:separator --><\/p>\n<hr class=\"wp-block-separator\">\n<p><!-- \/wp:separator --><!-- wp:paragraph --><\/p>\n<p><!-- \/wp:separator --><!-- wp:paragraph --><\/p>\n<p><strong>Ridere et giocare con le parole !<b><span style=\"color: #0000cd;\"><span style=\"font-family: Arial, sans-serif;\"><span style=\"font-size: small;\">&nbsp;<\/span><\/span><\/span><\/b><\/strong><strong style=\"color: var( --e-global-color-text );\">&nbsp;, a<\/strong><strong style=\"color: var( --e-global-color-text );\">nim\u00e9 par Barbara Gulminelli, journaliste et \u00e9crivaine<\/strong><\/p>\n<p><!-- \/wp:separator --><!-- wp:paragraph --><\/p>\n<p><!-- \/wp:paragraph --><!-- wp:paragraph --><\/p>\n<p><!-- \/wp:paragraph --><!-- wp:paragraph --><\/p>\n<p><!-- \/wp:paragraph --><!-- wp:paragraph --><\/p>\n<p><!-- \/wp:paragraph --><!-- wp:paragraph --><\/p>\n<p><!-- \/wp:paragraph --><!-- wp:paragraph --><\/p>\n<p><!-- \/wp:paragraph --><!-- wp:paragraph --><\/p>\n<p><!-- \/wp:paragraph --><\/p>\t\t\t\t\t\t<\/div>\n\t\t\t\t<\/div>\n\t\t\t\t\t<\/div>\n\t\t<\/div>\n\t\t\t\t\t\t\t<\/div>\n\t\t<\/section>\n\t\t\t\t<section class=\"elementor-section elementor-top-section elementor-element elementor-element-be34561 elementor-section-boxed elementor-section-height-default elementor-section-height-default\" data-id=\"be34561\" data-element_type=\"section\">\n\t\t\t\t\t\t<div class=\"elementor-container elementor-column-gap-default\">\n\t\t\t\t\t<div class=\"elementor-column elementor-col-100 elementor-top-column elementor-element elementor-element-020ce91\" data-id=\"020ce91\" data-element_type=\"column\">\n\t\t\t<div class=\"elementor-widget-wrap elementor-element-populated\">\n\t\t\t\t\t\t\t\t<div class=\"elementor-element elementor-element-3b241d0 elementor-widget elementor-widget-image\" data-id=\"3b241d0\" data-element_type=\"widget\" data-widget_type=\"image.default\">\n\t\t\t\t<div class=\"elementor-widget-container\">\n\t\t\t\t\t\t\t\t\t\t\t\t\t\t\t<img loading=\"lazy\" decoding=\"async\" width=\"860\" height=\"114\" src=\"https:\/\/sitetest.ccfi-nantes.org\/wp-content\/uploads\/2022\/09\/Pratiquer.jpg\" class=\"attachment-large size-large wp-image-14295\" alt=\"\" srcset=\"https:\/\/sitetest.ccfi-nantes.org\/wp-content\/uploads\/2022\/09\/Pratiquer.jpg 930w, https:\/\/sitetest.ccfi-nantes.org\/wp-content\/uploads\/2022\/09\/Pratiquer-459x61.jpg 459w, https:\/\/sitetest.ccfi-nantes.org\/wp-content\/uploads\/2022\/09\/Pratiquer-250x33.jpg 250w, https:\/\/sitetest.ccfi-nantes.org\/wp-content\/uploads\/2022\/09\/Pratiquer-768x102.jpg 768w\" sizes=\"auto, (max-width: 860px) 100vw, 860px\" \/>\t\t\t\t\t\t\t\t\t\t\t\t\t\t\t<\/div>\n\t\t\t\t<\/div>\n\t\t\t\t\t<\/div>\n\t\t<\/div>\n\t\t\t\t\t\t\t<\/div>\n\t\t<\/section>\n\t\t\t\t\t\t\t<\/div>\n\t\t","protected":false},"excerpt":{"rendered":"<p> [&#8230;]<\/p>\n","protected":false},"author":1,"featured_media":0,"parent":0,"menu_order":0,"comment_status":"closed","ping_status":"closed","template":"","meta":{"footnotes":""},"class_list":["post-503","page","type-page","status-publish","hentry"],"_links":{"self":[{"href":"https:\/\/sitetest.ccfi-nantes.org\/index.php?rest_route=\/wp\/v2\/pages\/503","targetHints":{"allow":["GET"]}}],"collection":[{"href":"https:\/\/sitetest.ccfi-nantes.org\/index.php?rest_route=\/wp\/v2\/pages"}],"about":[{"href":"https:\/\/sitetest.ccfi-nantes.org\/index.php?rest_route=\/wp\/v2\/types\/page"}],"author":[{"embeddable":true,"href":"https:\/\/sitetest.ccfi-nantes.org\/index.php?rest_route=\/wp\/v2\/users\/1"}],"replies":[{"embeddable":true,"href":"https:\/\/sitetest.ccfi-nantes.org\/index.php?rest_route=%2Fwp%2Fv2%2Fcomments&post=503"}],"version-history":[{"count":83,"href":"https:\/\/sitetest.ccfi-nantes.org\/index.php?rest_route=\/wp\/v2\/pages\/503\/revisions"}],"predecessor-version":[{"id":18078,"href":"https:\/\/sitetest.ccfi-nantes.org\/index.php?rest_route=\/wp\/v2\/pages\/503\/revisions\/18078"}],"wp:attachment":[{"href":"https:\/\/sitetest.ccfi-nantes.org\/index.php?rest_route=%2Fwp%2Fv2%2Fmedia&parent=503"}],"curies":[{"name":"wp","href":"https:\/\/api.w.org\/{rel}","templated":true}]}}