{"id":66,"date":"2019-07-25T15:03:59","date_gmt":"2019-07-25T13:03:59","guid":{"rendered":"https:\/\/ccfi-nantes.org\/?page_id=66"},"modified":"2020-07-31T20:27:05","modified_gmt":"2020-07-31T18:27:05","slug":"le-ccfi","status":"publish","type":"page","link":"https:\/\/sitetest.ccfi-nantes.org\/?page_id=66","title":{"rendered":"Le CCFI"},"content":{"rendered":"\t\t<div data-elementor-type=\"wp-post\" data-elementor-id=\"66\" class=\"elementor elementor-66\">\n\t\t\t\t\t\t\t\t\t<section class=\"elementor-section elementor-top-section elementor-element elementor-element-3c5f82d0 elementor-section-boxed elementor-section-height-default elementor-section-height-default\" data-id=\"3c5f82d0\" data-element_type=\"section\">\n\t\t\t\t\t\t<div class=\"elementor-container elementor-column-gap-default\">\n\t\t\t\t\t<div class=\"elementor-column elementor-col-100 elementor-top-column elementor-element elementor-element-1d41235e\" data-id=\"1d41235e\" data-element_type=\"column\">\n\t\t\t<div class=\"elementor-widget-wrap elementor-element-populated\">\n\t\t\t\t\t\t\t\t<div class=\"elementor-element elementor-element-c2294d0 elementor-widget elementor-widget-heading\" data-id=\"c2294d0\" data-element_type=\"widget\" data-widget_type=\"heading.default\">\n\t\t\t\t<div class=\"elementor-widget-container\">\n\t\t\t<style>\/*! elementor - v3.16.0 - 13-09-2023 *\/\n.elementor-heading-title{padding:0;margin:0;line-height:1}.elementor-widget-heading .elementor-heading-title[class*=elementor-size-]>a{color:inherit;font-size:inherit;line-height:inherit}.elementor-widget-heading .elementor-heading-title.elementor-size-small{font-size:15px}.elementor-widget-heading .elementor-heading-title.elementor-size-medium{font-size:19px}.elementor-widget-heading .elementor-heading-title.elementor-size-large{font-size:29px}.elementor-widget-heading .elementor-heading-title.elementor-size-xl{font-size:39px}.elementor-widget-heading .elementor-heading-title.elementor-size-xxl{font-size:59px}<\/style><h3 class=\"elementor-heading-title elementor-size-default\">Le Centre Culturel Franco-Italien ou CCFI<\/h3>\t\t<\/div>\n\t\t\t\t<\/div>\n\t\t\t\t<div class=\"elementor-element elementor-element-593edbdc elementor-widget elementor-widget-text-editor\" data-id=\"593edbdc\" data-element_type=\"widget\" data-widget_type=\"text-editor.default\">\n\t\t\t\t<div class=\"elementor-widget-container\">\n\t\t\t<style>\/*! elementor - v3.16.0 - 13-09-2023 *\/\n.elementor-widget-text-editor.elementor-drop-cap-view-stacked .elementor-drop-cap{background-color:#69727d;color:#fff}.elementor-widget-text-editor.elementor-drop-cap-view-framed .elementor-drop-cap{color:#69727d;border:3px solid;background-color:transparent}.elementor-widget-text-editor:not(.elementor-drop-cap-view-default) .elementor-drop-cap{margin-top:8px}.elementor-widget-text-editor:not(.elementor-drop-cap-view-default) .elementor-drop-cap-letter{width:1em;height:1em}.elementor-widget-text-editor .elementor-drop-cap{float:left;text-align:center;line-height:1;font-size:50px}.elementor-widget-text-editor .elementor-drop-cap-letter{display:inline-block}<\/style>\t\t\t\t<!-- wp:paragraph -->\n<p>Nous sommes une association loi 1901, agr\u00e9\u00e9e \u00ab\u00a0jeunesse et \u00e9ducation populaire\u00a0\u00bb, qui a \u00e9t\u00e9 cr\u00e9\u00e9e en 1999.<\/p>\n<p>\u00a0<\/p>\n<p><strong>Quels sont nos objectifs\u00a0?<\/strong><\/p>\n<p>&#8211; Faire conna\u00eetre aux habitants de Nantes et sa r\u00e9gion la langue et la culture italiennes.<\/p>\n<p>&#8211; Permettre aux locaux et aux Italiens r\u00e9sidant dans la r\u00e9gion d\u2019\u00e9changer et de partager leur int\u00e9r\u00eat pour la langue et la culture italiennes, dans une atmosph\u00e8re conviviale.<\/p>\n<p><strong>\u00a0<\/strong><\/p>\n<p><strong>Que proposons-nous\u00a0?<\/strong><\/p>\n<p>&#8211; des cours de langue italienne et des modules de conversation, g\u00e9n\u00e9rale et th\u00e9matique, permettant aux italianophones de pratiquer cette langue.<\/p>\n<p>&#8211; un programme d\u2019activit\u00e9s culturelles, ludiques et festives pour mieux faire conna\u00eetre la r\u00e9alit\u00e9 culturelle, \u00e9conomique et sociale de l\u2019Italie, tant d\u2019un point de vue historique que contemporain.<\/p>\n<p>&#8211; des voyages et escapades pour s\u2019immerger dans la culture italienne.<\/p>\n<p>\u00a0<\/p>\n<p>Toute personne, parlant italien ou non, peut devenir membre du CCFI. <span style=\"text-decoration: underline;\"><a href=\"https:\/\/ccfi-nantes.org\/?page_id=165\">cliquez ici pour adh\u00e9rer<\/a><\/span>\u00a0<\/p>\n<!-- \/wp:paragraph -->\t\t\t\t\t\t<\/div>\n\t\t\t\t<\/div>\n\t\t\t\t\t<\/div>\n\t\t<\/div>\n\t\t\t\t\t\t\t<\/div>\n\t\t<\/section>\n\t\t\t\t\t\t\t<\/div>\n\t\t","protected":false},"excerpt":{"rendered":"<p> [&#8230;]<\/p>\n","protected":false},"author":1,"featured_media":0,"parent":0,"menu_order":0,"comment_status":"closed","ping_status":"closed","template":"","meta":{"footnotes":""},"class_list":["post-66","page","type-page","status-publish","hentry"],"_links":{"self":[{"href":"https:\/\/sitetest.ccfi-nantes.org\/index.php?rest_route=\/wp\/v2\/pages\/66","targetHints":{"allow":["GET"]}}],"collection":[{"href":"https:\/\/sitetest.ccfi-nantes.org\/index.php?rest_route=\/wp\/v2\/pages"}],"about":[{"href":"https:\/\/sitetest.ccfi-nantes.org\/index.php?rest_route=\/wp\/v2\/types\/page"}],"author":[{"embeddable":true,"href":"https:\/\/sitetest.ccfi-nantes.org\/index.php?rest_route=\/wp\/v2\/users\/1"}],"replies":[{"embeddable":true,"href":"https:\/\/sitetest.ccfi-nantes.org\/index.php?rest_route=%2Fwp%2Fv2%2Fcomments&post=66"}],"version-history":[{"count":15,"href":"https:\/\/sitetest.ccfi-nantes.org\/index.php?rest_route=\/wp\/v2\/pages\/66\/revisions"}],"predecessor-version":[{"id":2839,"href":"https:\/\/sitetest.ccfi-nantes.org\/index.php?rest_route=\/wp\/v2\/pages\/66\/revisions\/2839"}],"wp:attachment":[{"href":"https:\/\/sitetest.ccfi-nantes.org\/index.php?rest_route=%2Fwp%2Fv2%2Fmedia&parent=66"}],"curies":[{"name":"wp","href":"https:\/\/api.w.org\/{rel}","templated":true}]}}