{"id":677,"date":"2019-08-29T16:46:17","date_gmt":"2019-08-29T14:46:17","guid":{"rendered":"https:\/\/ccfi-nantes.org\/?page_id=677"},"modified":"2019-12-10T23:06:42","modified_gmt":"2019-12-10T21:06:42","slug":"rencontres-evenements","status":"publish","type":"page","link":"https:\/\/sitetest.ccfi-nantes.org\/?page_id=677","title":{"rendered":"Rencontres &#038; \u00e9v\u00e9nements"},"content":{"rendered":"\t\t<div data-elementor-type=\"wp-post\" data-elementor-id=\"677\" class=\"elementor elementor-677\">\n\t\t\t\t\t\t\t\t\t<section class=\"elementor-section elementor-top-section elementor-element elementor-element-4a1aaee6 elementor-section-boxed elementor-section-height-default elementor-section-height-default\" data-id=\"4a1aaee6\" data-element_type=\"section\">\n\t\t\t\t\t\t<div class=\"elementor-container elementor-column-gap-default\">\n\t\t\t\t\t<div class=\"elementor-column elementor-col-100 elementor-top-column elementor-element elementor-element-5c8e6e64\" data-id=\"5c8e6e64\" data-element_type=\"column\">\n\t\t\t<div class=\"elementor-widget-wrap elementor-element-populated\">\n\t\t\t\t\t\t\t\t<div class=\"elementor-element elementor-element-321d7e61 elementor-widget elementor-widget-text-editor\" data-id=\"321d7e61\" data-element_type=\"widget\" data-widget_type=\"text-editor.default\">\n\t\t\t\t<div class=\"elementor-widget-container\">\n\t\t\t<style>\/*! elementor - v3.16.0 - 13-09-2023 *\/\n.elementor-widget-text-editor.elementor-drop-cap-view-stacked .elementor-drop-cap{background-color:#69727d;color:#fff}.elementor-widget-text-editor.elementor-drop-cap-view-framed .elementor-drop-cap{color:#69727d;border:3px solid;background-color:transparent}.elementor-widget-text-editor:not(.elementor-drop-cap-view-default) .elementor-drop-cap{margin-top:8px}.elementor-widget-text-editor:not(.elementor-drop-cap-view-default) .elementor-drop-cap-letter{width:1em;height:1em}.elementor-widget-text-editor .elementor-drop-cap{float:left;text-align:center;line-height:1;font-size:50px}.elementor-widget-text-editor .elementor-drop-cap-letter{display:inline-block}<\/style>\t\t\t\t<p><!-- wp:paragraph --><\/p>\n<p>Tout au long de l\u2019ann\u00e9e, le CCFI organise diff\u00e9rents types de rencontres \u00e0 caract\u00e8re culturel et\/ou festif\u00a0: conf\u00e9rences, conf\u00e9rences-d\u00e9bats, \u00e9v\u00e9nements festifs, etc. Ces rencontres sont l\u2019occasion de mieux conna\u00eetre les aspects culturels, historiques, \u00e9conomiques ou sociaux de l\u2019Italie et d\u2019\u00e9changer dans un climat chaleureux.<\/p>\n<p>Dans le prolongement des <em>Rendez-vous de l\u2019histoire de Blois,<\/em> consacr\u00e9s en 2019 \u00e0 l\u2019Italie, le CCFI a choisi pour th\u00e8me de la saison 2019-2020 \u00ab\u00a0L\u2019Italie dans l\u2019histoire \u00bb et a con\u00e7u tout un cycle de conf\u00e9rences sur ce th\u00e8me.<\/p>\n<p>Mais, la f\u00eate a aussi sa place\u00a0!<\/p>\n<ul>\n<li>En d\u00e9but d\u2019ann\u00e9e, nous f\u00eatons <em>la Befana<\/em> (f\u00eate associ\u00e9e \u00e0 l\u2019Epiphanie), un temps fort pour les enfants et leurs familles.<\/li>\n<li>Au d\u00e9but du mois de juin, nous c\u00e9l\u00e9brons ensemble la f\u00eate de la R\u00e9publique italienne*et la fin de la saison de cours.<\/li>\n<\/ul>\n<p>\u00a0<\/p>\n<p>* Cette f\u00eate comm\u00e9more le r\u00e9f\u00e9rendum du 2 et 3 juin 1946, par lequel les Italiens ont d\u00e9cid\u00e9 de la forme de gouvernement qu\u2019ils souhaitaient adopter \u00e0 la fin de la seconde guerre mondiale, \u00e0 la suite de la d\u00e9faite du fascisme.<\/p>\n<p><!-- \/wp:paragraph --><\/p>\t\t\t\t\t\t<\/div>\n\t\t\t\t<\/div>\n\t\t\t\t\t<\/div>\n\t\t<\/div>\n\t\t\t\t\t\t\t<\/div>\n\t\t<\/section>\n\t\t\t\t\t\t\t<\/div>\n\t\t","protected":false},"excerpt":{"rendered":"<p> [&#8230;]<\/p>\n","protected":false},"author":1,"featured_media":0,"parent":0,"menu_order":0,"comment_status":"closed","ping_status":"closed","template":"","meta":{"footnotes":""},"class_list":["post-677","page","type-page","status-publish","hentry"],"_links":{"self":[{"href":"https:\/\/sitetest.ccfi-nantes.org\/index.php?rest_route=\/wp\/v2\/pages\/677","targetHints":{"allow":["GET"]}}],"collection":[{"href":"https:\/\/sitetest.ccfi-nantes.org\/index.php?rest_route=\/wp\/v2\/pages"}],"about":[{"href":"https:\/\/sitetest.ccfi-nantes.org\/index.php?rest_route=\/wp\/v2\/types\/page"}],"author":[{"embeddable":true,"href":"https:\/\/sitetest.ccfi-nantes.org\/index.php?rest_route=\/wp\/v2\/users\/1"}],"replies":[{"embeddable":true,"href":"https:\/\/sitetest.ccfi-nantes.org\/index.php?rest_route=%2Fwp%2Fv2%2Fcomments&post=677"}],"version-history":[{"count":3,"href":"https:\/\/sitetest.ccfi-nantes.org\/index.php?rest_route=\/wp\/v2\/pages\/677\/revisions"}],"predecessor-version":[{"id":1239,"href":"https:\/\/sitetest.ccfi-nantes.org\/index.php?rest_route=\/wp\/v2\/pages\/677\/revisions\/1239"}],"wp:attachment":[{"href":"https:\/\/sitetest.ccfi-nantes.org\/index.php?rest_route=%2Fwp%2Fv2%2Fmedia&parent=677"}],"curies":[{"name":"wp","href":"https:\/\/api.w.org\/{rel}","templated":true}]}}