{"id":7311,"date":"2021-08-31T16:07:24","date_gmt":"2021-08-31T14:07:24","guid":{"rendered":"https:\/\/ccfi-nantes.org\/?page_id=7311"},"modified":"2023-09-07T20:22:00","modified_gmt":"2023-09-07T18:22:00","slug":"nous-contacter-2","status":"publish","type":"page","link":"https:\/\/sitetest.ccfi-nantes.org\/?page_id=7311","title":{"rendered":"Nous contacter"},"content":{"rendered":"\t\t<div data-elementor-type=\"wp-post\" data-elementor-id=\"7311\" class=\"elementor elementor-7311\">\n\t\t\t\t\t\t\t\t\t<section class=\"elementor-section elementor-top-section elementor-element elementor-element-a82015a elementor-section-boxed elementor-section-height-default elementor-section-height-default\" data-id=\"a82015a\" data-element_type=\"section\">\n\t\t\t\t\t\t<div class=\"elementor-container elementor-column-gap-default\">\n\t\t\t\t\t<div class=\"elementor-column elementor-col-100 elementor-top-column elementor-element elementor-element-d0a751f\" data-id=\"d0a751f\" data-element_type=\"column\">\n\t\t\t<div class=\"elementor-widget-wrap elementor-element-populated\">\n\t\t\t\t\t\t\t\t<div class=\"elementor-element elementor-element-9793f9d elementor-widget elementor-widget-text-editor\" data-id=\"9793f9d\" data-element_type=\"widget\" data-widget_type=\"text-editor.default\">\n\t\t\t\t<div class=\"elementor-widget-container\">\n\t\t\t<style>\/*! elementor - v3.16.0 - 13-09-2023 *\/\n.elementor-widget-text-editor.elementor-drop-cap-view-stacked .elementor-drop-cap{background-color:#69727d;color:#fff}.elementor-widget-text-editor.elementor-drop-cap-view-framed .elementor-drop-cap{color:#69727d;border:3px solid;background-color:transparent}.elementor-widget-text-editor:not(.elementor-drop-cap-view-default) .elementor-drop-cap{margin-top:8px}.elementor-widget-text-editor:not(.elementor-drop-cap-view-default) .elementor-drop-cap-letter{width:1em;height:1em}.elementor-widget-text-editor .elementor-drop-cap{float:left;text-align:center;line-height:1;font-size:50px}.elementor-widget-text-editor .elementor-drop-cap-letter{display:inline-block}<\/style>\t\t\t\t<p><strong>Pour toute demande d\u2019informations, n\u2019h\u00e9sitez pas \u00e0 nous contacter par mail \u00e0\u00a0ccfinantes44@gmail.com\u00a0\u00a0ou par t\u00e9l\u00e9phone au\u00a0\u00a002 40 35 83 20<\/strong><\/p><p><strong>L<\/strong><b>es heures de permanence t\u00e9l\u00e9phonique du CCFI\u00a0sont les suivantes :<\/b><\/p><ul><li>mardi de 10h30 \u00e0 12h30 et de 15h00 \u00e0 18h00<\/li><li>jeudi de 10h30 \u00e0 12h00 et de 17h00 \u00e0 18h00<\/li><\/ul><p>en dehors de ces horaires, laisser un message sur notre bo\u00eete vocale nous vous rappellerons dans les meilleurs d\u00e9lais.<\/p>\t\t\t\t\t\t<\/div>\n\t\t\t\t<\/div>\n\t\t\t\t\t<\/div>\n\t\t<\/div>\n\t\t\t\t\t\t\t<\/div>\n\t\t<\/section>\n\t\t\t\t<section class=\"elementor-section elementor-top-section elementor-element elementor-element-75cd5ee elementor-section-boxed elementor-section-height-default elementor-section-height-default\" data-id=\"75cd5ee\" data-element_type=\"section\">\n\t\t\t\t\t\t<div class=\"elementor-container elementor-column-gap-default\">\n\t\t\t\t\t<div class=\"elementor-column elementor-col-100 elementor-top-column elementor-element elementor-element-5a03740\" data-id=\"5a03740\" data-element_type=\"column\">\n\t\t\t<div class=\"elementor-widget-wrap elementor-element-populated\">\n\t\t\t\t\t\t\t\t<div class=\"elementor-element elementor-element-8905814 elementor-widget elementor-widget-text-editor\" data-id=\"8905814\" data-element_type=\"widget\" data-widget_type=\"text-editor.default\">\n\t\t\t\t<div class=\"elementor-widget-container\">\n\t\t\t\t\t\t\t<p><strong><span style=\"text-decoration: underline;\">Si vous voulez rencontrer un interlocuteur du CCFI,<\/span><\/strong><b> nous pouvons vous recevoir dans nos locaux le mardi ou le jeudi sur rendez-vous :\u00a0<span style=\"text-decoration: underline; color: #0000ff;\"><a style=\"color: #0000ff;\" href=\"https:\/\/calendly.com\/rdv-ccfi-nantes\/inscriptions-informations\" target=\"_blank\" rel=\"noopener\">cliquez ici<\/a><\/span><\/b><\/p><p>en dehors des plages horaires propos\u00e9es, laisser un message sur notre bo\u00eete vocale 02 40 35 83 20 (ou boite mail ccfinantes44@gmail.com) nous vous rappellerons dans les meilleurs d\u00e9lais pour convenir d&rsquo;un rendez-vous.<\/p>\t\t\t\t\t\t<\/div>\n\t\t\t\t<\/div>\n\t\t\t\t\t<\/div>\n\t\t<\/div>\n\t\t\t\t\t\t\t<\/div>\n\t\t<\/section>\n\t\t\t\t<section class=\"elementor-section elementor-top-section elementor-element elementor-element-4c9d59b elementor-section-boxed elementor-section-height-default elementor-section-height-default\" data-id=\"4c9d59b\" data-element_type=\"section\">\n\t\t\t\t\t\t<div class=\"elementor-container elementor-column-gap-default\">\n\t\t\t\t\t<div class=\"elementor-column elementor-col-66 elementor-top-column elementor-element elementor-element-6198611\" data-id=\"6198611\" data-element_type=\"column\">\n\t\t\t<div class=\"elementor-widget-wrap elementor-element-populated\">\n\t\t\t\t\t\t\t\t<div class=\"elementor-element elementor-element-29cd4d4 elementor-widget elementor-widget-text-editor\" data-id=\"29cd4d4\" data-element_type=\"widget\" data-widget_type=\"text-editor.default\">\n\t\t\t\t<div class=\"elementor-widget-container\">\n\t\t\t\t\t\t\t<p style=\"text-align: left;\"><span style=\"color: #ff0000;\"><strong>Bureau et salles des cours du CCFI \u00e0 Europa Nantes<\/strong><\/span><\/p><p>90 boulevard de la Prairie au Duc &#8211;\u00a044200 Nantes (\u00cele de Nantes)<\/p><p style=\"text-align: left;\"><span style=\"color: #ff0000;\"><strong>Salles des cours du CCFI \u00e0 l&rsquo;Universit\u00e9 Permanente<\/strong><\/span><\/p><p>B\u00e2timent Ateliers et Chantiers de Nantes<\/p><p>2 bis Boulevard L\u00e9on Bureau, 44200 Nantes (\u00cele de Nantes)<\/p>\t\t\t\t\t\t<\/div>\n\t\t\t\t<\/div>\n\t\t\t\t\t<\/div>\n\t\t<\/div>\n\t\t\t\t<div class=\"elementor-column elementor-col-33 elementor-top-column elementor-element elementor-element-ee3ae98\" data-id=\"ee3ae98\" data-element_type=\"column\">\n\t\t\t<div class=\"elementor-widget-wrap\">\n\t\t\t\t\t\t\t\t\t<\/div>\n\t\t<\/div>\n\t\t\t\t\t\t\t<\/div>\n\t\t<\/section>\n\t\t\t\t<section class=\"elementor-section elementor-top-section elementor-element elementor-element-2574147 elementor-section-boxed elementor-section-height-default elementor-section-height-default\" data-id=\"2574147\" data-element_type=\"section\">\n\t\t\t\t\t\t<div class=\"elementor-container elementor-column-gap-default\">\n\t\t\t\t\t<div class=\"elementor-column elementor-col-100 elementor-top-column elementor-element elementor-element-1059dae\" data-id=\"1059dae\" data-element_type=\"column\">\n\t\t\t<div class=\"elementor-widget-wrap elementor-element-populated\">\n\t\t\t\t\t\t\t\t<div class=\"elementor-element elementor-element-91a0267 elementor-widget elementor-widget-text-editor\" data-id=\"91a0267\" data-element_type=\"widget\" data-widget_type=\"text-editor.default\">\n\t\t\t\t<div class=\"elementor-widget-container\">\n\t\t\t\t\t\t\t<h5><strong>La maison de l&rsquo;Europe, Europa Nantes , est accessible au public<\/strong><\/h5><p>\u00a0<\/p><ul><li style=\"font-weight: 400;\">Lun : 14h-17h<\/li><li style=\"font-weight: 400;\">Mar-ven : 10h-13h \u2022 14h-18h<\/li><li style=\"font-weight: 400;\">Sam : 10h-13h<\/li><\/ul>\t\t\t\t\t\t<\/div>\n\t\t\t\t<\/div>\n\t\t\t\t\t<\/div>\n\t\t<\/div>\n\t\t\t\t\t\t\t<\/div>\n\t\t<\/section>\n\t\t\t\t<section class=\"elementor-section elementor-top-section elementor-element elementor-element-4c7cf67 elementor-section-boxed elementor-section-height-default elementor-section-height-default\" data-id=\"4c7cf67\" data-element_type=\"section\">\n\t\t\t\t\t\t<div class=\"elementor-container elementor-column-gap-default\">\n\t\t\t\t\t<div class=\"elementor-column elementor-col-100 elementor-top-column elementor-element elementor-element-53659ae\" data-id=\"53659ae\" data-element_type=\"column\">\n\t\t\t<div class=\"elementor-widget-wrap elementor-element-populated\">\n\t\t\t\t\t\t\t\t<div class=\"elementor-element elementor-element-89ce032 elementor-widget elementor-widget-image\" data-id=\"89ce032\" data-element_type=\"widget\" data-widget_type=\"image.default\">\n\t\t\t\t<div class=\"elementor-widget-container\">\n\t\t\t<style>\/*! elementor - v3.16.0 - 13-09-2023 *\/\n.elementor-widget-image{text-align:center}.elementor-widget-image a{display:inline-block}.elementor-widget-image a img[src$=\".svg\"]{width:48px}.elementor-widget-image img{vertical-align:middle;display:inline-block}<\/style>\t\t\t\t\t\t\t\t\t\t\t\t<img loading=\"lazy\" decoding=\"async\" width=\"860\" height=\"608\" src=\"https:\/\/sitetest.ccfi-nantes.org\/wp-content\/uploads\/2023\/09\/projet-Plan-Europa-Nantes-V-Wilson-8-septembre-23-1024x724.jpg\" class=\"attachment-large size-large wp-image-17981\" alt=\"\" srcset=\"https:\/\/sitetest.ccfi-nantes.org\/wp-content\/uploads\/2023\/09\/projet-Plan-Europa-Nantes-V-Wilson-8-septembre-23-1024x724.jpg 1024w, https:\/\/sitetest.ccfi-nantes.org\/wp-content\/uploads\/2023\/09\/projet-Plan-Europa-Nantes-V-Wilson-8-septembre-23-424x300.jpg 424w, https:\/\/sitetest.ccfi-nantes.org\/wp-content\/uploads\/2023\/09\/projet-Plan-Europa-Nantes-V-Wilson-8-septembre-23-212x150.jpg 212w, https:\/\/sitetest.ccfi-nantes.org\/wp-content\/uploads\/2023\/09\/projet-Plan-Europa-Nantes-V-Wilson-8-septembre-23-768x543.jpg 768w, https:\/\/sitetest.ccfi-nantes.org\/wp-content\/uploads\/2023\/09\/projet-Plan-Europa-Nantes-V-Wilson-8-septembre-23-1536x1086.jpg 1536w, https:\/\/sitetest.ccfi-nantes.org\/wp-content\/uploads\/2023\/09\/projet-Plan-Europa-Nantes-V-Wilson-8-septembre-23-2048x1448.jpg 2048w\" sizes=\"auto, (max-width: 860px) 100vw, 860px\" \/>\t\t\t\t\t\t\t\t\t\t\t\t\t\t\t<\/div>\n\t\t\t\t<\/div>\n\t\t\t\t\t<\/div>\n\t\t<\/div>\n\t\t\t\t\t\t\t<\/div>\n\t\t<\/section>\n\t\t\t\t\t\t\t<\/div>\n\t\t","protected":false},"excerpt":{"rendered":"<p> [&#8230;]<\/p>\n","protected":false},"author":1,"featured_media":0,"parent":0,"menu_order":0,"comment_status":"closed","ping_status":"closed","template":"","meta":{"footnotes":""},"class_list":["post-7311","page","type-page","status-publish","hentry"],"_links":{"self":[{"href":"https:\/\/sitetest.ccfi-nantes.org\/index.php?rest_route=\/wp\/v2\/pages\/7311","targetHints":{"allow":["GET"]}}],"collection":[{"href":"https:\/\/sitetest.ccfi-nantes.org\/index.php?rest_route=\/wp\/v2\/pages"}],"about":[{"href":"https:\/\/sitetest.ccfi-nantes.org\/index.php?rest_route=\/wp\/v2\/types\/page"}],"author":[{"embeddable":true,"href":"https:\/\/sitetest.ccfi-nantes.org\/index.php?rest_route=\/wp\/v2\/users\/1"}],"replies":[{"embeddable":true,"href":"https:\/\/sitetest.ccfi-nantes.org\/index.php?rest_route=%2Fwp%2Fv2%2Fcomments&post=7311"}],"version-history":[{"count":68,"href":"https:\/\/sitetest.ccfi-nantes.org\/index.php?rest_route=\/wp\/v2\/pages\/7311\/revisions"}],"predecessor-version":[{"id":17990,"href":"https:\/\/sitetest.ccfi-nantes.org\/index.php?rest_route=\/wp\/v2\/pages\/7311\/revisions\/17990"}],"wp:attachment":[{"href":"https:\/\/sitetest.ccfi-nantes.org\/index.php?rest_route=%2Fwp%2Fv2%2Fmedia&parent=7311"}],"curies":[{"name":"wp","href":"https:\/\/api.w.org\/{rel}","templated":true}]}}